
{"id":5307,"date":"2021-11-08T09:56:55","date_gmt":"2021-11-08T08:56:55","guid":{"rendered":"http:\/\/www.sintaxinformatica.it\/?page_id=5307"},"modified":"2025-02-28T19:01:34","modified_gmt":"2025-02-28T18:01:34","slug":"2000-2020-i-primi-venti-anni-della-nostra-storia","status":"publish","type":"page","link":"https:\/\/www.sintaxinformatica.it\/index.php\/azienda\/2000-2020-i-primi-venti-anni-della-nostra-storia\/","title":{"rendered":"2000-2020: Venti anni di passione e impegno"},"content":{"rendered":"<div class=\"text_box\">\n<h3>2000-2020: Venti anni di passione e impegno<\/h3>\n<\/div>\n<p><img decoding=\"async\" class=\"img_tb\" src=\"http:\/\/www.sintaxinformatica.it\/wp-content\/uploads\/2020\/03\/20AnniSintax_V4.png\" alt=\"20AnniSintax\" hspace=\"5\" size-thumbnail \/><\/p>\n<div class=\"container_11\">\n<p><h5>Per ogni azienda la celebrazione di un anniversario \u00e8 sempre un evento significativo, ma per la Sintax, quello di quest\u2019anno, lo \u00e8 particolarmente.<br \/>\nVenti anni di attivit\u00e0 portano con s\u00e9 la consapevolezza di essere riusciti in un\u2019impresa non del tutto scontata, soprattutto se valutata alla luce della collocazione geografica o del particolare mercato di riferimento in cui l\u2019azienda ha scelto di operare. <\/p>\n<p>C\u2019\u00e8 la consapevolezza che in tutti questi anni l\u2019impegno, la professionalit\u00e0 e la dedizione di tutto il team aziendale hanno consentito di trasformare, agli albori del nuovo millennio, un\u2019idea ritenuta da molti \u201cavventata\u201d, in una realt\u00e0 aziendale all\u2019avanguardia, solida, in costante crescita di fatturato, di dipendenti e di quote di mercato che, nel contesto sempre pi\u00f9 competitivo della Fiscalit\u00e0 Locale, pu\u00f2 guardare con fiducia alle future sfide.<\/p>\n<p>A partire dal primo prototipo web-based della suite Gestel\/Web, sfruttando costantemente le tecnologie pi\u00f9 avanzate, l\u2019azienda ha via via realizzato nuove versioni della piattaforma (che viene adesso fornita alla clientela in modalit\u00e0 SAAS unitamente ad una variet\u00e0 di servizi di supporto operativo), ha investito sul potenziamento del Data Center, si \u00e8 dotata di un sistema di gestione integrato conforme ai requisiti delle norme ISO9001 ed ISO27001 e, da ultimo, in collaborazione con l\u2019Universit\u00e0 della Calabria, ha realizzato un importate progetto di Ricerca e Sviluppo che porter\u00e0 alla realizzazione di una nuova versione della suite applicativa orientata alla gestione dei Big Data.<\/p>\n<p>Una \u201cpiccola storia\u201d che ci rende particolarmente orgogliosi e che, come giustamente si fa in queste occasioni, vogliamo condividere con tutti i nostri fornitori, collaboratori e, soprattutto, con i nostri tanti clienti che, entrando nel nostro mondo, ne hanno condiviso scelte e strategie.<br \/>\n<\/h5>\n<\/p>\n<\/div>\n","protected":false},"excerpt":{"rendered":"<p>2000-2020: Venti anni di passione e impegno Per ogni azienda la celebrazione di un anniversario \u00e8 sempre un evento significativo, ma per la Sintax, quello di quest\u2019anno, lo \u00e8 particolarmente. Venti anni di attivit\u00e0 portano con s\u00e9 la consapevolezza di essere riusciti in un\u2019impresa non del tutto scontata, soprattutto se valutata alla luce della collocazione geografica o del particolare mercato di riferimento in cui l\u2019azienda ha scelto di operare. C\u2019\u00e8 la consapevolezza che in tutti questi anni l\u2019impegno, la professionalit\u00e0 e la dedizione di tutto il team aziendale hanno consentito di trasformare, agli albori del nuovo millennio, un\u2019idea ritenuta da molti \u201cavventata\u201d, in una realt\u00e0 aziendale all\u2019avanguardia, solida, in costante crescita di fatturato, di dipendenti e di quote di mercato che, nel contesto sempre pi\u00f9 competitivo della Fiscalit\u00e0 Locale, pu\u00f2 guardare con fiducia alle future sfide. A partire dal primo prototipo web-based della suite Gestel\/Web, sfruttando costantemente le tecnologie pi\u00f9 avanzate, l\u2019azienda ha via via realizzato nuove versioni della piattaforma (che viene adesso fornita alla clientela in modalit\u00e0 SAAS unitamente ad una variet\u00e0 di servizi di supporto operativo), ha investito sul potenziamento del Data Center, si \u00e8 dotata di un sistema di gestione integrato conforme ai requisiti delle norme ISO9001 ed ISO27001 e, da ultimo, in collaborazione con l\u2019Universit\u00e0 della Calabria, ha realizzato un importate progetto di Ricerca e Sviluppo che porter\u00e0 alla realizzazione di una nuova versione della suite applicativa orientata alla gestione dei Big Data. Una \u201cpiccola storia\u201d che ci rende particolarmente orgogliosi e che, come giustamente si fa in queste occasioni, vogliamo condividere con tutti i nostri fornitori, collaboratori e, soprattutto, con i nostri tanti clienti che, entrando nel nostro mondo, ne hanno condiviso scelte e strategie.<\/p>\n","protected":false},"author":18,"featured_media":0,"parent":21,"menu_order":0,"comment_status":"closed","ping_status":"closed","template":"","meta":{"footnotes":""},"_links":{"self":[{"href":"https:\/\/www.sintaxinformatica.it\/index.php\/wp-json\/wp\/v2\/pages\/5307"}],"collection":[{"href":"https:\/\/www.sintaxinformatica.it\/index.php\/wp-json\/wp\/v2\/pages"}],"about":[{"href":"https:\/\/www.sintaxinformatica.it\/index.php\/wp-json\/wp\/v2\/types\/page"}],"author":[{"embeddable":true,"href":"https:\/\/www.sintaxinformatica.it\/index.php\/wp-json\/wp\/v2\/users\/18"}],"replies":[{"embeddable":true,"href":"https:\/\/www.sintaxinformatica.it\/index.php\/wp-json\/wp\/v2\/comments?post=5307"}],"version-history":[{"count":29,"href":"https:\/\/www.sintaxinformatica.it\/index.php\/wp-json\/wp\/v2\/pages\/5307\/revisions"}],"predecessor-version":[{"id":5752,"href":"https:\/\/www.sintaxinformatica.it\/index.php\/wp-json\/wp\/v2\/pages\/5307\/revisions\/5752"}],"up":[{"embeddable":true,"href":"https:\/\/www.sintaxinformatica.it\/index.php\/wp-json\/wp\/v2\/pages\/21"}],"wp:attachment":[{"href":"https:\/\/www.sintaxinformatica.it\/index.php\/wp-json\/wp\/v2\/media?parent=5307"}],"curies":[{"name":"wp","href":"https:\/\/api.w.org\/{rel}","templated":true}]}}