
{"id":5148,"date":"2020-10-02T12:01:08","date_gmt":"2020-10-02T10:01:08","guid":{"rendered":"http:\/\/www.sintaxinformatica.it\/?page_id=5148"},"modified":"2025-05-29T16:48:23","modified_gmt":"2025-05-29T14:48:23","slug":"qualificazioni-agid","status":"publish","type":"page","link":"https:\/\/www.sintaxinformatica.it\/index.php\/qualificazioni-agid\/","title":{"rendered":"Qualificazioni ACN"},"content":{"rendered":"<div class=\"container_11\">\n<h5 style=\"margin-bottom: 20px !important;\">La suite applicativa <em><strong><a href=\"\/index.php\/prodotti\/gestelweb\/\" target=\"_blank\" rel=\"noopener\">Gestel\/Web<\/a><\/strong><\/em> ha superato brillantemente il processo di qualificazione risultando <em><strong>conforme a tutti i requisiti di sicurezza, di performance e scalabilit\u00e0, interoperabilit\u00e0, supporto tecnico, trasparenza, portabilit\u00e0<\/strong><\/em> previsti dall&#8217;<em><strong><a href=\"https:\/\/www.acn.gov.it\/\" target=\"_blank\" rel=\"noopener\">ACN<\/a>.<\/strong><\/em><\/h5>\n<p><img loading=\"lazy\" decoding=\"async\" class=\"wp-image-5599 size-full aligncenter\" src=\"https:\/\/www.sintaxinformatica.it\/wp-content\/uploads\/2023\/11\/CloudACN.jpg\" alt=\"\" width=\"960\" height=\"319\" srcset=\"https:\/\/www.sintaxinformatica.it\/wp-content\/uploads\/2023\/11\/CloudACN.jpg 960w, https:\/\/www.sintaxinformatica.it\/wp-content\/uploads\/2023\/11\/CloudACN-300x100.jpg 300w, https:\/\/www.sintaxinformatica.it\/wp-content\/uploads\/2023\/11\/CloudACN-768x255.jpg 768w, https:\/\/www.sintaxinformatica.it\/wp-content\/uploads\/2023\/11\/CloudACN-900x300.jpg 900w\" sizes=\"(max-width: 960px) 100vw, 960px\" \/><\/p>\n<h5><em><strong>Sintax<\/strong><\/em> aderisce alla <a href=\"https:\/\/www.acn.gov.it\/strategia\/strategia-cloud-italia\/qualificazione-cloud\" target=\"_blank\" rel=\"noopener\"><em><strong>Strategia Cloud della PA<\/strong><\/em><\/a>, che intende favorire l\u2019adozione del modello del cloud computing nelle Pubbliche Amministrazioni italiane, in linea con le indicazioni della Strategia per la Crescita digitale del Paese e con le previsioni del Piano Triennale per l\u2019Informatica nella Pubblica Amministrazione:<\/h5>\n<ul>\n<li>\n<h5>Da <em><strong>Ottobre 2019<\/strong><\/em> la Sintax \u00e8 presente nel\u00a0<a href=\"https:\/\/www.acn.gov.it\/portale\/w\/in-176\" target=\"_blank\" rel=\"noopener\"><em>ACN Cloud Marketplace nella sezione dei Cloud Service Provider (CSP)<\/em><\/a><\/h5>\n<\/li>\n<li>\n<h5>Da <em><strong>Dicembre 2019<\/strong><\/em> la Sintax \u00e8 presente nel\u00a0<a href=\"https:\/\/www.acn.gov.it\/portale\/w\/sa-716\" target=\"_blank\" rel=\"noopener\"><em>ACN Cloud Marketplace come fornitore di Software as a Service (SAAS)<\/em><\/a><\/h5>\n<\/li>\n<\/ul>\n<h5 style=\"margin-top: 10px !important;\">Entrambe le qualificazioni sono il risultato di un impegno continuo della Sintax nell&#8217;evoluzione tecnologica dei processi di progettazione e sviluppo del Software, di gestione delle Infrastrutture IT e di erogazione dei servizi alla clientela.<\/h5>\n<p><span style=\"color: #000000;\">\u00a0<\/span><\/p>\n<\/div>\n<div class=\"license\">Icons made by <a title=\"Freepik\" href=\"http:\/\/www.freepik.com\">Freepik<\/a> from <a title=\"Flaticon\" href=\"http:\/\/www.flaticon.com\">www.flaticon.com<\/a> is licensed by <a title=\"Creative Commons BY 3.0\" href=\"http:\/\/creativecommons.org\/licenses\/by\/3.0\/\" target=\"_blank\" rel=\"noopener\">CC 3.0 BY<\/a><\/div>\n","protected":false},"excerpt":{"rendered":"<p>La suite applicativa Gestel\/Web ha superato brillantemente il processo di qualificazione risultando conforme a tutti i requisiti di sicurezza, di performance e scalabilit\u00e0, interoperabilit\u00e0, supporto tecnico, trasparenza, portabilit\u00e0 previsti dall&#8217;ACN. Sintax aderisce alla Strategia Cloud della PA, che intende favorire l\u2019adozione del modello del cloud computing nelle Pubbliche Amministrazioni italiane, in linea con le indicazioni della Strategia per la Crescita digitale del Paese e con le previsioni del Piano Triennale per l\u2019Informatica nella Pubblica Amministrazione: Da Ottobre 2019 la Sintax \u00e8 presente nel\u00a0ACN Cloud Marketplace nella sezione dei Cloud Service Provider (CSP) Da Dicembre 2019 la Sintax \u00e8 presente nel\u00a0ACN Cloud Marketplace come fornitore di Software as a Service (SAAS) Entrambe le qualificazioni sono il risultato di un impegno continuo della Sintax nell&#8217;evoluzione tecnologica dei processi di progettazione e sviluppo del Software, di gestione delle Infrastrutture IT e di erogazione dei servizi alla clientela. \u00a0 Icons made by Freepik from www.flaticon.com is licensed by CC 3.0 BY<\/p>\n","protected":false},"author":18,"featured_media":0,"parent":0,"menu_order":0,"comment_status":"closed","ping_status":"closed","template":"","meta":{"footnotes":""},"_links":{"self":[{"href":"https:\/\/www.sintaxinformatica.it\/index.php\/wp-json\/wp\/v2\/pages\/5148"}],"collection":[{"href":"https:\/\/www.sintaxinformatica.it\/index.php\/wp-json\/wp\/v2\/pages"}],"about":[{"href":"https:\/\/www.sintaxinformatica.it\/index.php\/wp-json\/wp\/v2\/types\/page"}],"author":[{"embeddable":true,"href":"https:\/\/www.sintaxinformatica.it\/index.php\/wp-json\/wp\/v2\/users\/18"}],"replies":[{"embeddable":true,"href":"https:\/\/www.sintaxinformatica.it\/index.php\/wp-json\/wp\/v2\/comments?post=5148"}],"version-history":[{"count":27,"href":"https:\/\/www.sintaxinformatica.it\/index.php\/wp-json\/wp\/v2\/pages\/5148\/revisions"}],"predecessor-version":[{"id":5815,"href":"https:\/\/www.sintaxinformatica.it\/index.php\/wp-json\/wp\/v2\/pages\/5148\/revisions\/5815"}],"wp:attachment":[{"href":"https:\/\/www.sintaxinformatica.it\/index.php\/wp-json\/wp\/v2\/media?parent=5148"}],"curies":[{"name":"wp","href":"https:\/\/api.w.org\/{rel}","templated":true}]}}