
{"id":4562,"date":"2018-06-08T16:18:37","date_gmt":"2018-06-08T14:18:37","guid":{"rendered":"http:\/\/www.sintaxinformatica.it\/?page_id=4562"},"modified":"2023-09-25T15:36:47","modified_gmt":"2023-09-25T13:36:47","slug":"ricerca","status":"publish","type":"page","link":"https:\/\/www.sintaxinformatica.it\/index.php\/azienda\/ricerca\/","title":{"rendered":"Ricerca"},"content":{"rendered":"<p><img decoding=\"async\" class=\"img_tb\" src=\"\/wp-content\/uploads\/2018\/06\/cod.png\" alt=\"Ricerca&#038;Sviluppo\" size-thumbnail \/><\/p>\n<div class=\"text_box\">\n<h3>Attivit\u00e0 di Ricerca e Sviluppo<\/a><\/h3>\n<\/div>\n<div class=\"container_11\">\n<p><h5>\nL&#8217;attivit\u00e0 di ricerca e sviluppo realizzata dalla Sintax \u00e8 orientata prevalentemente a:<\/p>\n<ul class=\"fa-ul\" style=\"margin-top:10px !important;margin-bottom:10px !important;\">\n<li><i class=\"fa-li fa fa-circle\" style=\"color: #0168b3 !important; font-size:70% !important; margin-top:6px !important\"><\/i>Migliorare le funzionalit\u00e0 della suite applicativa <a href=\"\/index.php\/prodotti\/gestelweb\/\"><em><strong>Gestel\/Web<\/em><\/strong><\/a> anche in linea con le raccomandazioni emanate dall&#8217;<a href=\"https:\/\/www.agid.gov.it\/\"><em><strong>AgID<\/em><\/strong><\/a>;<\/li>\n<li><i class=\"fa-li fa fa-circle\" style=\"color: #0168b3 !important; font-size:70% !important; margin-top:6px !important\"><\/i>Aumentare la capacit\u00e0 di business analytics sui dati per fornire ai Decision Maker degli Enti Locali un insieme di report e dashboard a supporto delle decisioni inerenti il processo di riscossione;<\/li>\n<li><i class=\"fa-li fa fa-circle\" style=\"color: #0168b3 !important; font-size:70% !important; margin-top:6px !important\"><\/i>Ridurre il divario tra cittadino ed Ente locale in tema di riscossione.<\/li>\n<\/ul>\n<p>Obiettivo principale \u00e8 l\u2019individuazione di tecnologie e processi innovativi che possano essere implementati nel breve e medio termine, per migliorare le performance delle attivit\u00e0 &#8220;core business&#8221;, anche in relazione dello sviluppo tecnologico atteso nel settore della Fiscalit\u00e0 Locale. Tali obiettivi sono realizzati tramite azioni tese ad incoraggiare le collaborazioni tecnico-scientifiche e le partnership con soggetti istituzionali, enti pubblici, universit\u00e0, centri di ricerca ed aziende di servizi. Grazie alla profonda e consolidata conoscenza del particolare dominio applicativo, all&#8217;interno di queste collaborazioni, la Sintax si colloca come <em><strong>trait d&#8217;union tra esigenze del mercato e ricerca scientifica e tecnologica<\/em><\/strong>.<\/p>\n<p>Seguendo quest&#8217;approccio, la Sintax sta realizzando, in collaborazione con il DIMES (Dipartimento di ingegneria Informatica, Modellistica, Elettronica e Sistemistica) dell&#8217;Universit\u00e0 della Calabria e con la consulenza di Exeura S.r.l., un importante progetto di ricerca e sviluppo per la realizzazione di un <em><strong>&#8220;Sistema Integrato Acquisizione ed Analisi dei dati di Riscossione dei Tributi da parte di Enti pubblici&#8221; <a href=\"index.php\/azienda\/ricerca\/siarte\/\">(SIARTE)<\/a><\/em><\/strong>.<\/h5>\n<\/p>\n<\/div>\n","protected":false},"excerpt":{"rendered":"<p>Attivit\u00e0 di Ricerca e Sviluppo L&#8217;attivit\u00e0 di ricerca e sviluppo realizzata dalla Sintax \u00e8 orientata prevalentemente a: Migliorare le funzionalit\u00e0 della suite applicativa Gestel\/Web anche in linea con le raccomandazioni emanate dall&#8217;AgID; Aumentare la capacit\u00e0 di business analytics sui dati per fornire ai Decision Maker degli Enti Locali un insieme di report e dashboard a supporto delle decisioni inerenti il processo di riscossione; Ridurre il divario tra cittadino ed Ente locale in tema di riscossione. Obiettivo principale \u00e8 l\u2019individuazione di tecnologie e processi innovativi che possano essere implementati nel breve e medio termine, per migliorare le performance delle attivit\u00e0 &#8220;core business&#8221;, anche in relazione dello sviluppo tecnologico atteso nel settore della Fiscalit\u00e0 Locale. Tali obiettivi sono realizzati tramite azioni tese ad incoraggiare le collaborazioni tecnico-scientifiche e le partnership con soggetti istituzionali, enti pubblici, universit\u00e0, centri di ricerca ed aziende di servizi. Grazie alla profonda e consolidata conoscenza del particolare dominio applicativo, all&#8217;interno di queste collaborazioni, la Sintax si colloca come trait d&#8217;union tra esigenze del mercato e ricerca scientifica e tecnologica. Seguendo quest&#8217;approccio, la Sintax sta realizzando, in collaborazione con il DIMES (Dipartimento di ingegneria Informatica, Modellistica, Elettronica e Sistemistica) dell&#8217;Universit\u00e0 della Calabria e con la consulenza di Exeura S.r.l., un importante progetto di ricerca e sviluppo per la realizzazione di un &#8220;Sistema Integrato Acquisizione ed Analisi dei dati di Riscossione dei Tributi da parte di Enti pubblici&#8221; (SIARTE).<\/p>\n","protected":false},"author":18,"featured_media":0,"parent":21,"menu_order":0,"comment_status":"closed","ping_status":"closed","template":"","meta":{"footnotes":""},"_links":{"self":[{"href":"https:\/\/www.sintaxinformatica.it\/index.php\/wp-json\/wp\/v2\/pages\/4562"}],"collection":[{"href":"https:\/\/www.sintaxinformatica.it\/index.php\/wp-json\/wp\/v2\/pages"}],"about":[{"href":"https:\/\/www.sintaxinformatica.it\/index.php\/wp-json\/wp\/v2\/types\/page"}],"author":[{"embeddable":true,"href":"https:\/\/www.sintaxinformatica.it\/index.php\/wp-json\/wp\/v2\/users\/18"}],"replies":[{"embeddable":true,"href":"https:\/\/www.sintaxinformatica.it\/index.php\/wp-json\/wp\/v2\/comments?post=4562"}],"version-history":[{"count":41,"href":"https:\/\/www.sintaxinformatica.it\/index.php\/wp-json\/wp\/v2\/pages\/4562\/revisions"}],"predecessor-version":[{"id":4844,"href":"https:\/\/www.sintaxinformatica.it\/index.php\/wp-json\/wp\/v2\/pages\/4562\/revisions\/4844"}],"up":[{"embeddable":true,"href":"https:\/\/www.sintaxinformatica.it\/index.php\/wp-json\/wp\/v2\/pages\/21"}],"wp:attachment":[{"href":"https:\/\/www.sintaxinformatica.it\/index.php\/wp-json\/wp\/v2\/media?parent=4562"}],"curies":[{"name":"wp","href":"https:\/\/api.w.org\/{rel}","templated":true}]}}