
{"id":3971,"date":"2017-08-30T10:20:36","date_gmt":"2017-08-30T08:20:36","guid":{"rendered":"http:\/\/www.sintaxinformatica.it\/?page_id=3971"},"modified":"2025-04-03T16:13:10","modified_gmt":"2025-04-03T14:13:10","slug":"certificazioni_iso","status":"publish","type":"page","link":"https:\/\/www.sintaxinformatica.it\/index.php\/azienda\/certificazioni_iso\/","title":{"rendered":"Certificazioni ISO"},"content":{"rendered":"<div class=\"text_box\">\n<h3>Certificazioni ISO<\/h3>\n<\/div>\n<div class=\"container_12\">\n<h5>L&#8217;obiettivo della Sintax \u00e8 di garantire <em><strong>elevati standard di Qualit\u00e0 e di Sicurezza dei processi e delle informazioni gestite<\/strong><\/em>.<br \/>\nA tale scopo, \u00e8 stato implementato un <em><strong>&#8220;Sistema Integrato per la Qualit\u00e0 e la Sicurezza delle Informazioni&#8221; <\/strong><\/em>conforme ai requisiti normativi <em><strong>ISO 9001:2008 e <\/strong><\/em><em><strong>ISO\/IEC 27001:2020<\/strong><\/em>.<\/h5>\n<hr \/>\n<div class=\"container_7\" style=\"margin-right: 60px !important;\">\n<div class=\"container_7\"><img loading=\"lazy\" decoding=\"async\" class=\"wp-image-5582 size-thumbnail alignnone\" src=\"https:\/\/www.sintaxinformatica.it\/wp-content\/uploads\/2023\/10\/Nuovo-Logo-ISO-9001-1-150x150.png\" alt=\"\" width=\"150\" height=\"150\" \/><\/div>\n<h4><\/h4>\n<h4 class=\"container_7\"><strong><em>ISO 9001:2015<\/em><\/strong><\/h4>\n<h5 style=\"color: #666 !important; font-weight: bold; font-style: italic; width: 310px;\">Certificazione Sistema di Gestione per la Qualit\u00e0<\/h5>\n<h5>Documento di attestazione:<a href=\"https:\/\/www.sintaxinformatica.it\/wp-content\/uploads\/2025\/04\/Cert.-ISO-9001-12.2023-12.2026-IT.pdf\" target=\"_blank\" rel=\"noopener\"><img loading=\"lazy\" decoding=\"async\" class=\"img_tb alignnone\" style=\"border: solid 1px !important; margin-left: 0px !important;\" src=\"http:\/\/www.sintaxinformatica.it\/wp-content\/uploads\/2018\/06\/ISO-9001.jpg\" alt=\"ISO 27001\" width=\"200\" height=\"3507\" \/><\/a><\/h5>\n<\/div>\n<div class=\"container_8\">\n<h4>Numero Certificato:<\/h4>\n<h5 style=\"text-align: left !important; margin: 5px;\"><strong>CERT-07779-2001AQ-BRI-SINCERT<\/strong><\/h5>\n<h4>Settore EA di certificazione:<\/h4>\n<h5 style=\"text-align: left !important; margin: 5px;\"><i class=\"fa fa-circle\" style=\"font-size: 50% !important;\"><\/i>\u00a0\u00a0EA 33 &#8211; Tecnologia dell&#8217;informazione<br \/>\n<i class=\"fa fa-circle\" style=\"font-size: 50% !important;\"><\/i>\u00a0\u00a0EA35 &#8211; Servizi professionali d&#8217;impresa<\/h5>\n<h4>Rilasciato da:<\/h4>\n<h5 style=\"text-align: left !important; margin: 5px;\">DNV GL Business Assurance &#8211; Management Systems Certification<\/h5>\n<h4>Data Rilascio Certificazione:<\/h4>\n<h5 style=\"text-align: left !important; margin: 5px;\">24 Gennaio 2001<\/h5>\n<h4>Campo Applicativo:<\/h4>\n<h5 style=\"text-align: left !important; margin: 5px;\">Analisi, progettazione, sviluppo, vendita, installazione e assistenza di soluzioni informatiche orientate alla gestione della fiscalit\u00e0 locale. Erogazione di servizi professionali in ambito di Information Technology. Progettazione ed erogazione di servizi di analisi ed elaborazione elettronica dei dati. Progettazione ed erogazione di servizi di conduzione funzionale ed assistenza clienti finalizzata alla gestione di sistemi informativi in modalit\u00e0 &#8220;Hosting&#8221;, &#8220;Software As A Service (SAAS) e &#8220;Cloud Computing&#8221;<\/h5>\n<\/div>\n<hr \/>\n<div class=\"container_7\" style=\"margin-right: 60px !important;\">\n<div class=\"container_7\">\n<div class=\"container_7\">\n<h4 style=\"font-weight: 600 !important; text-align: left !important;\"><img loading=\"lazy\" decoding=\"async\" class=\"alignnone wp-image-5581 size-thumbnail\" src=\"https:\/\/www.sintaxinformatica.it\/wp-content\/uploads\/2023\/10\/Nuovo-Logo-ISO-27001-150x150.png\" alt=\"\" width=\"150\" height=\"150\" \/><\/h4>\n<h4 style=\"font-weight: 600 !important; text-align: left !important;\">\u00a0\u00a0<em>ISO\/IEC 27001:2022<\/em><\/h4>\n<\/div>\n<\/div>\n<h5 style=\"color: #666 !important; font-weight: bold; font-style: italic; width: 310px;\">Certificazione Sistema di Gestione per la Sicurezza delle Informazioni<\/h5>\n<h5>Documento di attestazione:<a href=\"https:\/\/www.sintaxinformatica.it\/wp-content\/uploads\/2024\/10\/ISO-IEC_27001-ITA-208562-2016-AIS-ITA-ACCREDIA-4-20240807.pdf\" target=\"_blank\" rel=\"noopener\"><img loading=\"lazy\" decoding=\"async\" class=\"img_tb alignnone\" style=\"border: solid 1px !important; margin-left: 0px !important;\" src=\"\/wp-content\/\/uploads\/2017\/08\/ISO_27001.jpg\" alt=\"ISO 27001\" width=\"200\" height=\"3507\" \/><\/a><\/h5>\n<\/div>\n<div class=\"container_8\">\n<h4>Numero Certificato:<\/h4>\n<h5 style=\"text-align: left !important; margin: 5px;\"><strong>\u00a0<span class=\"fontstyle0\">208562-2016-AIS-ITA-ACCREDIA<\/span><br \/>\n<\/strong><\/h5>\n<h4>Settore EA di certificazione:<\/h4>\n<h5 style=\"text-align: left !important; margin: 5px;\"><i class=\"fa fa-circle\" style=\"font-size: 50% !important;\"><\/i>\u00a0\u00a0EA 33 &#8211; Tecnologia dell&#8217;informazione<br \/>\n<i class=\"fa fa-circle\" style=\"font-size: 50% !important;\"><\/i>\u00a0\u00a0EA35 &#8211; Servizi professionali d&#8217;impresa<\/h5>\n<h4>Rilasciato da:<\/h4>\n<h5 style=\"text-align: left !important; margin: 5px;\">DNV\u00a0 Business Assurance<\/h5>\n<h4>Data Rilascio Certificazione:<\/h4>\n<h5 style=\"text-align: left !important; margin: 5px;\">22 Febbraio 2017<\/h5>\n<h4>Campo Applicativo:<\/h4>\n<h5 style=\"text-align: left !important; margin: 5px;\">Analisi, progettazione, sviluppo, vendita, installazione ed assistenza di soluzioni informatiche orientate alla gestione della fiscalit\u00e0 locale. Erogazione di servizi professionali in ambito Information Technology e per il supporto all\u2019accertamento ed alla riscossione delle entrate locali. Progettazione ed erogazione di servizi di analisi ed elaborazione elettronica di dati. IT Operation in modalit\u00e0 on-premise e cloud Software as a Service (SaaS) con l\u2019utilizzo delle linee guida ISO\/IEC 27017:2015 e\u00a0 27018:2019, di soluzioni informatiche per la gestione della fiscalit\u00e0 locale. (Settore EA: 33 &#8211; 35) In accordo con la Dichiarazione di Applicabilit\u00e0, versione del 28 maggio 2024.<\/h5>\n<\/div>\n<\/div>\n","protected":false},"excerpt":{"rendered":"<p>Certificazioni ISO L&#8217;obiettivo della Sintax \u00e8 di garantire elevati standard di Qualit\u00e0 e di Sicurezza dei processi e delle informazioni gestite. A tale scopo, \u00e8 stato implementato un &#8220;Sistema Integrato per la Qualit\u00e0 e la Sicurezza delle Informazioni&#8221; conforme ai requisiti normativi ISO 9001:2008 e ISO\/IEC 27001:2020. ISO 9001:2015 Certificazione Sistema di Gestione per la Qualit\u00e0 Documento di attestazione: Numero Certificato: CERT-07779-2001AQ-BRI-SINCERT Settore EA di certificazione: \u00a0\u00a0EA 33 &#8211; Tecnologia dell&#8217;informazione \u00a0\u00a0EA35 &#8211; Servizi professionali d&#8217;impresa Rilasciato da: DNV GL Business Assurance &#8211; Management Systems Certification Data Rilascio Certificazione: 24 Gennaio 2001 Campo Applicativo: Analisi, progettazione, sviluppo, vendita, installazione e assistenza di soluzioni informatiche orientate alla gestione della fiscalit\u00e0 locale. Erogazione di servizi professionali in ambito di Information Technology. Progettazione ed erogazione di servizi di analisi ed elaborazione elettronica dei dati. Progettazione ed erogazione di servizi di conduzione funzionale ed assistenza clienti finalizzata alla gestione di sistemi informativi in modalit\u00e0 &#8220;Hosting&#8221;, &#8220;Software As A Service (SAAS) e &#8220;Cloud Computing&#8221; \u00a0\u00a0ISO\/IEC 27001:2022 Certificazione Sistema di Gestione per la Sicurezza delle Informazioni Documento di attestazione: Numero Certificato: \u00a0208562-2016-AIS-ITA-ACCREDIA Settore EA di certificazione: \u00a0\u00a0EA 33 &#8211; Tecnologia dell&#8217;informazione \u00a0\u00a0EA35 &#8211; Servizi professionali d&#8217;impresa Rilasciato da: DNV\u00a0 Business Assurance Data Rilascio Certificazione: 22 Febbraio 2017 Campo Applicativo: Analisi, progettazione, sviluppo, vendita, installazione ed assistenza di soluzioni informatiche orientate alla gestione della fiscalit\u00e0 locale. Erogazione di servizi professionali in ambito Information Technology e per il supporto all\u2019accertamento ed alla riscossione delle entrate locali. Progettazione ed erogazione di servizi di analisi ed elaborazione elettronica di dati. IT Operation in modalit\u00e0 on-premise e cloud Software as a Service (SaaS) con l\u2019utilizzo delle linee guida ISO\/IEC 27017:2015 e\u00a0 27018:2019, di soluzioni informatiche per la gestione della fiscalit\u00e0 locale. (Settore EA: 33 &#8211; 35) In accordo con la Dichiarazione di Applicabilit\u00e0, versione del 28 maggio 2024.<\/p>\n","protected":false},"author":18,"featured_media":0,"parent":21,"menu_order":0,"comment_status":"closed","ping_status":"closed","template":"","meta":{"footnotes":""},"_links":{"self":[{"href":"https:\/\/www.sintaxinformatica.it\/index.php\/wp-json\/wp\/v2\/pages\/3971"}],"collection":[{"href":"https:\/\/www.sintaxinformatica.it\/index.php\/wp-json\/wp\/v2\/pages"}],"about":[{"href":"https:\/\/www.sintaxinformatica.it\/index.php\/wp-json\/wp\/v2\/types\/page"}],"author":[{"embeddable":true,"href":"https:\/\/www.sintaxinformatica.it\/index.php\/wp-json\/wp\/v2\/users\/18"}],"replies":[{"embeddable":true,"href":"https:\/\/www.sintaxinformatica.it\/index.php\/wp-json\/wp\/v2\/comments?post=3971"}],"version-history":[{"count":316,"href":"https:\/\/www.sintaxinformatica.it\/index.php\/wp-json\/wp\/v2\/pages\/3971\/revisions"}],"predecessor-version":[{"id":5762,"href":"https:\/\/www.sintaxinformatica.it\/index.php\/wp-json\/wp\/v2\/pages\/3971\/revisions\/5762"}],"up":[{"embeddable":true,"href":"https:\/\/www.sintaxinformatica.it\/index.php\/wp-json\/wp\/v2\/pages\/21"}],"wp:attachment":[{"href":"https:\/\/www.sintaxinformatica.it\/index.php\/wp-json\/wp\/v2\/media?parent=3971"}],"curies":[{"name":"wp","href":"https:\/\/api.w.org\/{rel}","templated":true}]}}