
{"id":37,"date":"2016-07-08T19:20:51","date_gmt":"2016-07-08T17:20:51","guid":{"rendered":"http:\/\/128.1.1.105\/wordpress\/?page_id=37"},"modified":"2016-09-23T17:33:45","modified_gmt":"2016-09-23T15:33:45","slug":"lavora-con-sintax","status":"publish","type":"page","link":"https:\/\/www.sintaxinformatica.it\/index.php\/lavora-con-sintax\/","title":{"rendered":"Lavora con Sintax"},"content":{"rendered":"<div class=\"container_free\"><\/div>\n<div class=\"container_2\">\n<img loading=\"lazy\" decoding=\"async\" class=\"img_tb\" src=\"\/wp-content\/uploads\/2016\/08\/cv_blu.png\" alt=\"cv\" width=\"70\" height=\"70\"size-thumbnail\/><\/p>\n<h4><a href=\"\/index.php\/lavora-con-sintax\/invia-il-tuo-curriculum\/\">Invia il tuo CV<\/a><\/h4>\n<p><\/p>\n<h5>Siamo da sempre convinti che solo attraverso le persone si possano raggiungere i migliori risultati; \u00e8 per questo che abbiamo deciso di progettare il futuro investendo sul presente. <em><strong>Cerchiamo profili senior e junior desiderosi di costruire la loro professionalit\u00e0<\/em><\/strong>.<\/h5>\n<p><\/p>\n<div class=\"Buttom_1\" ><a href=\"\/index.php\/lavora-con-sintax\/invia-il-tuo-curriculum\/\">Scopri di pi\u00f9 &gt;<\/a><\/div>\n<\/div>\n<div class=\"container_free\"><\/div>\n<div class=\"container_2\">\n<img loading=\"lazy\" decoding=\"async\" class=\"img_tb\" src=\"\/wp-content\/uploads\/2016\/08\/Stage_yellow.png\" alt=\"stage\" width=\"70\" height=\"70\"size-thumbnail\/><\/p>\n<h4><a href=\"\/index.php\/lavora-con-sintax\/stage\/\">Stage in Sintax<\/a><\/h4>\n<p><\/p>\n<h5>Sintax ha da tempo attivato convenzioni con l&#8217;Universit\u00e0 della Calabria ed altri enti di formazione, al fine di offrire ai <em><strong>laureandi e neolaureati <\/em><\/strong>la possibilit\u00e0 di <em><strong>arricchire il proprio percorso formativo<\/em><\/strong> &#8220;on the job&#8221; <em><strong>in un contesto stimolante e innovativo<\/em><\/strong>.<\/h5>\n<p><\/p>\n<div class=\"Buttom_1\" style=\"padding-top:20px;\"><a href=\"\/index.php\/lavora-con-sintax\/stage\/\">Scopri di pi\u00f9 &gt;<\/a><\/div>\n<\/div>\n<div class=\"license\">Icons made by <a title=\"Freepik\" href=\"http:\/\/www.freepik.com\">Freepik<\/a> from <a title=\"Flaticon\" href=\"http:\/\/www.flaticon.com\">www.flaticon.com<\/a> is licensed by <a title=\"Creative Commons BY 3.0\" href=\"http:\/\/creativecommons.org\/licenses\/by\/3.0\/\" target=\"_blank\">CC 3.0 BY<\/a><\/div>\n<div class=\"license\">Icons made by <a href=\"http:\/\/www.flaticon.com\/authors\/plainicon\" title=\"Plainicon\">Plainicon<\/a> from <a href=\"http:\/\/www.flaticon.com\" title=\"Flaticon\">www.flaticon.com<\/a> is licensed by <a href=\"http:\/\/creativecommons.org\/licenses\/by\/3.0\/\" title=\"Creative Commons BY 3.0\" target=\"_blank\">CC 3.0 BY<\/a><\/div>\n<\/div>\n","protected":false},"excerpt":{"rendered":"<p>Invia il tuo CV Siamo da sempre convinti che solo attraverso le persone si possano raggiungere i migliori risultati; \u00e8 per questo che abbiamo deciso di progettare il futuro investendo sul presente. Cerchiamo profili senior e junior desiderosi di costruire la loro professionalit\u00e0. Scopri di pi\u00f9 &gt; Stage in Sintax Sintax ha da tempo attivato convenzioni con l&#8217;Universit\u00e0 della Calabria ed altri enti di formazione, al fine di offrire ai laureandi e neolaureati la possibilit\u00e0 di arricchire il proprio percorso formativo &#8220;on the job&#8221; in un contesto stimolante e innovativo. Scopri di pi\u00f9 &gt; Icons made by Freepik from www.flaticon.com is licensed by CC 3.0 BY Icons made by Plainicon from www.flaticon.com is licensed by CC 3.0 BY<\/p>\n","protected":false},"author":18,"featured_media":0,"parent":0,"menu_order":5,"comment_status":"closed","ping_status":"closed","template":"templates\/left-sidebar.php","meta":{"footnotes":""},"_links":{"self":[{"href":"https:\/\/www.sintaxinformatica.it\/index.php\/wp-json\/wp\/v2\/pages\/37"}],"collection":[{"href":"https:\/\/www.sintaxinformatica.it\/index.php\/wp-json\/wp\/v2\/pages"}],"about":[{"href":"https:\/\/www.sintaxinformatica.it\/index.php\/wp-json\/wp\/v2\/types\/page"}],"author":[{"embeddable":true,"href":"https:\/\/www.sintaxinformatica.it\/index.php\/wp-json\/wp\/v2\/users\/18"}],"replies":[{"embeddable":true,"href":"https:\/\/www.sintaxinformatica.it\/index.php\/wp-json\/wp\/v2\/comments?post=37"}],"version-history":[{"count":32,"href":"https:\/\/www.sintaxinformatica.it\/index.php\/wp-json\/wp\/v2\/pages\/37\/revisions"}],"predecessor-version":[{"id":3215,"href":"https:\/\/www.sintaxinformatica.it\/index.php\/wp-json\/wp\/v2\/pages\/37\/revisions\/3215"}],"wp:attachment":[{"href":"https:\/\/www.sintaxinformatica.it\/index.php\/wp-json\/wp\/v2\/media?parent=37"}],"curies":[{"name":"wp","href":"https:\/\/api.w.org\/{rel}","templated":true}]}}