
{"id":3368,"date":"2016-09-27T11:57:25","date_gmt":"2016-09-27T09:57:25","guid":{"rendered":"http:\/\/www.sintaxinformatica.it\/?page_id=3368"},"modified":"2025-11-25T13:47:18","modified_gmt":"2025-11-25T12:47:18","slug":"informativa-sulla-privacy","status":"publish","type":"page","link":"https:\/\/www.sintaxinformatica.it\/index.php\/informativa-sulla-privacy\/","title":{"rendered":"Informativa sulla Privacy"},"content":{"rendered":"<div class=\"text_box\">\n<h3>INFORMATIVA PRIVACY AI SENSI DELL&#8217;ARTICOLO 13 DEL REGOLAMENTO N. 2016\/679UE (cd. GDPR) e dell&#8217;art. 13 del D. Lgs. n. 196\/2003&#8243;<\/h3>\n<\/div>\n<div class=\"container_11\">\n<h5>In osservanza di quanto previsto dalle disposizioni in materia di tutela dei dati personali, SINTAX S.r.l. con la presente informativa intende comunicarle le dovute indicazioni in ordine alle finalit\u00e0 e alle modalit\u00e0 del trattamento dei dati personali che ci ha fornito al fine di usufruire dei nostri prodotti e servizi. L\u2019uso dei suoi dati personali sar\u00e0 improntato ai principi di correttezza e trasparenza, nel rispetto della normativa vigente a tutela della sua riservatezza.<\/h5>\n<h4 style=\"color: #666 !important; text-align: left !important; font-weight: bold !important; margin-top: 10px !important; margin-bottom: 5px !important;\">1. Titolare del Trattamento<\/h4>\n<h5>Titolare del trattamento \u00e8 la SINTAX s.r.l. con sede legale in Via Giuseppe Verdi 9, 87036 Rende (CS) e P. IVA 02177970783 di seguito brevemente \u201cTitolare\u201d) in persona del suo legale rappresentante, al quale potr\u00e0 rivolgersi per esercitare i diritti richiamati di seguito.<br \/>\nSINTAX s.r.l. ha provveduto a nominare il Responsabile della protezione dei dati (esterno) che potr\u00e0 essere contattato ai seguenti indirizzi e-mail: <a href=\"mailto:dpo@sintaxinformatica.it\">dpo@sintaxinformatica.it<\/a><\/h5>\n<h4 style=\"color: #666 !important; text-align: left !important; font-weight: bold !important; margin-top: 10px !important; margin-bottom: 5px !important;\">2. Finalit\u00e0 del trattamento<\/h4>\n<h5>Il Titolare tratta i Suoi dati personali identificativi di contatto da Lei spontaneamente comunicati per poter richiedere informazioni sui nostri servizi.<br \/>\nI Suoi dati personali sono trattati previo Suo specifico consenso (GDPR art 7), acquisito direttamente sul nostro sito web, per l\u2019unica finalit\u00e0 di poterle inviare via e-mail, e\/o contatti telefonici le informazioni da Lei richieste.<br \/>\nTali informazioni acquisite all\u2019atto dell\u2019inoltro della prima richiesta sono conservate nei nostri archivi per consentirci di inviarle anche successive comunicazioni per le medesime finalit\u00e0, fatto salvo il Suo diritto a revocare il consenso in qualsiasi momento (GDPR art. 7 comma 3) nelle modalit\u00e0 descritte ai successivi paragrafi 9 e 10.<\/h5>\n<h4 style=\"color: #666 !important; text-align: left !important; font-weight: bold !important; margin-top: 10px !important; margin-bottom: 5px !important;\">3. Modalit\u00e0 di trattamento<\/h4>\n<h5>Il trattamento dei Suoi dati personali \u00e8 realizzato per mezzo delle operazioni di: raccolta, registrazione, organizzazione, conservazione, consultazione, elaborazione, modificazione, selezione, estrazione, raffronto, utilizzo, comunicazione, cancellazione.<br \/>\nIl trattamento dei dati avviene con l&#8217;ausilio di strumenti informatici di raccolta, con logiche strettamente e unicamente correlate alle finalit\u00e0 menzionate nel paragrafo 2 e, comunque, con specifica adozione di cautele finalizzate a consentire l&#8217;accesso e l&#8217;utilizzo ai soli operatori autorizzati e che ne hanno necessit\u00e0 per garantire un&#8217;adeguata presa in carico. Non \u00e8 previsto alcun trattamento automatizzato, ogni attivit\u00e0 di contatto \u00e8 subordinata alla decisione di una persona.<\/h5>\n<h4 style=\"color: #666 !important; text-align: left !important; font-weight: bold !important; margin-top: 10px !important; margin-bottom: 5px !important;\">4. Accesso ai dati<\/h4>\n<h5>I Suoi dati personali identificativi, potranno essere resi accessibili per le finalit\u00e0 di cui al paragrafo 2. esclusivamente a dipendenti e collaboratori del Titolare, nominati responsabili interni del trattamento. Non \u00e8 previsto alcun conferimento a soggetti terzi.<br \/>\nSono adottate dal Titolare e dai Responsabili sia interni che esterni modalit\u00e0 di protezione dei dati, mettendo in atto misure tecniche e organizzative adeguate a garantire che il trattamento soddisfi le impostazioni predefinite alle specifiche finalit\u00e0 dichiarate al punto 2.<\/h5>\n<h4 style=\"color: #666 !important; text-align: left !important; font-weight: bold !important; margin-top: 10px !important; margin-bottom: 5px !important;\">5. Comunicazione dei dati<\/h4>\n<h5>Non \u00e8 prevista per le finalit\u00e0 indicate al paragrafo 2 alcuna comunicazione all\u2019esterno dei dati da Lei conferiti.<\/h5>\n<h4 style=\"color: #666 !important; text-align: left !important; font-weight: bold !important; margin-top: 10px !important; margin-bottom: 5px !important;\">6. Trasferimento dati<\/h4>\n<h5>I suoi dati personali sono conservati su server aziendali ubicati presso la sede legale del Titolare.<br \/>\nAi sensi dell\u2019art. 13, comma 1, lettera (f) del GDPR, si informa che per tutti i dati raccolti non \u00e8 previsto alcun trasferimento ad un paese terzo o a un&#8217;organizzazione internazionale n\u00e9 all\u2019interno n\u00e9 al di fuori della Unione Europea.<\/h5>\n<h4 style=\"color: #666 !important; text-align: left !important; font-weight: bold !important; margin-top: 10px !important; margin-bottom: 5px !important;\">7. Natura del conferimento dei dati e conseguenze del rifiuto di rispondere<\/h4>\n<h5>Il conferimento dei dati per le finalit\u00e0 di cui al paragrafo 2 \u00e8 facoltativo, pu\u00f2 decidere di negare il consenso al trattamento, ma in tal caso non potremo fornirLe le informazioni da Lei richieste.<\/h5>\n<h4 style=\"color: #666 !important; text-align: left !important; font-weight: bold !important; margin-top: 10px !important; margin-bottom: 5px !important;\">8. Tempi di conservazione dei dati e altre informazioni<\/h4>\n<h5>I dati personali oggetto del trattamento di cui al punto 2 saranno conservati per 12 mesi o termine inferiore, qualora intervenga la Sua richiesta di revoca del consenso specifico.<\/h5>\n<h4 style=\"color: #666 !important; text-align: left !important; font-weight: bold !important; margin-top: 10px !important; margin-bottom: 5px !important;\">9. Diritti dell\u2019interessato<\/h4>\n<h5>Nella Sua qualit\u00e0 di interessato, ha i diritti espressi all\u2019art. 15 del GDPR e precisamente i diritti di:<\/h5>\n<ol style=\"text-shadow: none !important; font-size: 96% !important; color: #666 !important; text-align: justify !important; font-weight: normal !important; margin: 0px 0px 0px 20px !important; list-style-type: lower-roman;\">\n<li>ottenere la conferma dell&#8217;esistenza o meno di dati personali che La riguardano, anche se non ancora registrati, e la loro comunicazione in forma intelligibile;<\/li>\n<li>ottenere l&#8217;indicazione:\n<ol style=\"line-height: 1.6em !important; text-shadow: none !important; text-align: justify !important; font-weight: normal !important; margin: 0px 0px 0px 20px !important; list-style-type: lower-latin;\">\n<li>dell&#8217;origine dei dati personali;<\/li>\n<li>delle finalit\u00e0 e modalit\u00e0 del trattamento;<\/li>\n<li>della logica applicata in caso di trattamento effettuato con l&#8217;ausilio di strumenti elettronici;<\/li>\n<li>degli estremi identificativi del titolare e dei responsabili designati ai sensi dell\u2019Art. 3, comma 1, GDPR;<\/li>\n<li>dei soggetti o delle categorie di soggetti ai quali i dati personali possono essere comunicati o che possono venirne a conoscenza in qualit\u00e0 di rappresentante designato nel territorio dello Stato, di responsabili o incaricati;<\/li>\n<\/ol>\n<\/li>\n<li>ottenere:\n<ol style=\"margin: 0px 0px 0px 20px !important; list-style-type: lower-latin;\">\n<li>l&#8217;aggiornamento, la rettificazione ovvero, quando vi ha interesse, l&#8217;integrazione dei dati;<\/li>\n<li>la cancellazione, la trasformazione in forma anonima o il blocco dei dati trattati in violazione di legge, compresi quelli di cui non \u00e8 necessaria la conservazione in relazione agli scopi per i quali i dati sono stati raccolti o successivamente trattati;<\/li>\n<\/ol>\n<\/li>\n<li>opporsi, in tutto o in parte:\n<ol style=\"text-shadow: none !important; text-align: justify !important; font-weight: normal !important; margin: 0px 0px 0px 20px !important; list-style-type: lower-latin;\">\n<li>per motivi legittimi al trattamento dei dati personali che La riguardano, ancorch\u00e9 pertinenti allo scopo della raccolta;<\/li>\n<li>al trattamento di dati personali che La riguardano a fini di invio di materiale pubblicitario o di vendita diretta o di comunicazione commerciale, mediante l\u2019uso di sistemi e-mail e\/o mediante modalit\u00e0 di contatto tradizionali mediante telefono e\/o posta cartacea.<\/li>\n<\/ol>\n<\/li>\n<li>ove applicabili, ha altres\u00ec i diritti di cui agli artt. 16-21 GDPR (Diritto di rettifica, diritto all\u2019oblio, diritto di limitazione di trattamento, diritto alla portabilit\u00e0 dei dati, diritto di opposizione), nonch\u00e9 il diritto di reclamo all\u2019Autorit\u00e0 Garante.<\/li>\n<\/ol>\n<h4 style=\"color: #666 !important; text-align: left !important; font-weight: bold !important; margin-top: 10px !important; margin-bottom: 5px !important;\">10. Modalit\u00e0 di esercizio dei diritti<\/h4>\n<h5>Potr\u00e0 in qualsiasi momento esercitare i diritti di cui al precedente punto 9, inviando una e-mail all\u2019indirizzo <a href=\"mailto:privacy@sintaxinformatica.it\">privacy@sintaxinformatica.it<\/a>.<\/h5>\n<\/div>\n","protected":false},"excerpt":{"rendered":"<p>INFORMATIVA PRIVACY AI SENSI DELL&#8217;ARTICOLO 13 DEL REGOLAMENTO N. 2016\/679UE (cd. GDPR) e dell&#8217;art. 13 del D. Lgs. n. 196\/2003&#8243; In osservanza di quanto previsto dalle disposizioni in materia di tutela dei dati personali, SINTAX S.r.l. con la presente informativa intende comunicarle le dovute indicazioni in ordine alle finalit\u00e0 e alle modalit\u00e0 del trattamento dei dati personali che ci ha fornito al fine di usufruire dei nostri prodotti e servizi. L\u2019uso dei suoi dati personali sar\u00e0 improntato ai principi di correttezza e trasparenza, nel rispetto della normativa vigente a tutela della sua riservatezza. 1. Titolare del Trattamento Titolare del trattamento \u00e8 la SINTAX s.r.l. con sede legale in Via Giuseppe Verdi 9, 87036 Rende (CS) e P. IVA 02177970783 di seguito brevemente \u201cTitolare\u201d) in persona del suo legale rappresentante, al quale potr\u00e0 rivolgersi per esercitare i diritti richiamati di seguito. SINTAX s.r.l. ha provveduto a nominare il Responsabile della protezione dei dati (esterno) che potr\u00e0 essere contattato ai seguenti indirizzi e-mail: dpo@sintaxinformatica.it 2. Finalit\u00e0 del trattamento Il Titolare tratta i Suoi dati personali identificativi di contatto da Lei spontaneamente comunicati per poter richiedere informazioni sui nostri servizi. I Suoi dati personali sono trattati previo Suo specifico consenso (GDPR art 7), acquisito direttamente sul nostro sito web, per l\u2019unica finalit\u00e0 di poterle inviare via e-mail, e\/o contatti telefonici le informazioni da Lei richieste. Tali informazioni acquisite all\u2019atto dell\u2019inoltro della prima richiesta sono conservate nei nostri archivi per consentirci di inviarle anche successive comunicazioni per le medesime finalit\u00e0, fatto salvo il Suo diritto a revocare il consenso in qualsiasi momento (GDPR art. 7 comma 3) nelle modalit\u00e0 descritte ai successivi paragrafi 9 e 10. 3. Modalit\u00e0 di trattamento Il trattamento dei Suoi dati personali \u00e8 realizzato per mezzo delle operazioni di: raccolta, registrazione, organizzazione, conservazione, consultazione, elaborazione, modificazione, selezione, estrazione, raffronto, utilizzo, comunicazione, cancellazione. Il trattamento dei dati avviene con l&#8217;ausilio di strumenti informatici di raccolta, con logiche strettamente e unicamente correlate alle finalit\u00e0 menzionate nel paragrafo 2 e, comunque, con specifica adozione di cautele finalizzate a consentire l&#8217;accesso e l&#8217;utilizzo ai soli operatori autorizzati e che ne hanno necessit\u00e0 per garantire un&#8217;adeguata presa in carico. Non \u00e8 previsto alcun trattamento automatizzato, ogni attivit\u00e0 di contatto \u00e8 subordinata alla decisione di una persona. 4. Accesso ai dati I Suoi dati personali identificativi, potranno essere resi accessibili per le finalit\u00e0 di cui al paragrafo 2. esclusivamente a dipendenti e collaboratori del Titolare, nominati responsabili interni del trattamento. Non \u00e8 previsto alcun conferimento a soggetti terzi. Sono adottate dal Titolare e dai Responsabili sia interni che esterni modalit\u00e0 di protezione dei dati, mettendo in atto misure tecniche e organizzative adeguate a garantire che il trattamento soddisfi le impostazioni predefinite alle specifiche finalit\u00e0 dichiarate al punto 2. 5. Comunicazione dei dati Non \u00e8 prevista per le finalit\u00e0 indicate al paragrafo 2 alcuna comunicazione all\u2019esterno dei dati da Lei conferiti. 6. Trasferimento dati I suoi dati personali sono conservati su server aziendali ubicati presso la sede legale del Titolare. Ai sensi dell\u2019art. 13, comma 1, lettera (f) del GDPR, si informa che per tutti i dati raccolti non \u00e8 previsto alcun trasferimento ad un paese terzo o a un&#8217;organizzazione internazionale n\u00e9 all\u2019interno n\u00e9 al di fuori della Unione Europea. 7. Natura del conferimento dei dati e conseguenze del rifiuto di rispondere Il conferimento dei dati per le finalit\u00e0 di cui al paragrafo 2 \u00e8 facoltativo, pu\u00f2 decidere di negare il consenso al trattamento, ma in tal caso non potremo fornirLe le informazioni da Lei richieste. 8. Tempi di conservazione dei dati e altre informazioni I dati personali oggetto del trattamento di cui al punto 2 saranno conservati per 12 mesi o termine inferiore, qualora intervenga la Sua richiesta di revoca del consenso specifico. 9. Diritti dell\u2019interessato Nella Sua qualit\u00e0 di interessato, ha i diritti espressi all\u2019art. 15 del GDPR e precisamente i diritti di: ottenere la conferma dell&#8217;esistenza o meno di dati personali che La riguardano, anche se non ancora registrati, e la loro comunicazione in forma intelligibile; ottenere l&#8217;indicazione: dell&#8217;origine dei dati personali; delle finalit\u00e0 e modalit\u00e0 del trattamento; della logica applicata in caso di trattamento effettuato con l&#8217;ausilio di strumenti elettronici; degli estremi identificativi del titolare e dei responsabili designati ai sensi dell\u2019Art. 3, comma 1, GDPR; dei soggetti o delle categorie di soggetti ai quali i dati personali possono essere comunicati o che possono venirne a conoscenza in qualit\u00e0 di rappresentante designato nel territorio dello Stato, di responsabili o incaricati; ottenere: l&#8217;aggiornamento, la rettificazione ovvero, quando vi ha interesse, l&#8217;integrazione dei dati; la cancellazione, la trasformazione in forma anonima o il blocco dei dati trattati in violazione di legge, compresi quelli di cui non \u00e8 necessaria la conservazione in relazione agli scopi per i quali i dati sono stati raccolti o successivamente trattati; opporsi, in tutto o in parte: per motivi legittimi al trattamento dei dati personali che La riguardano, ancorch\u00e9 pertinenti allo scopo della raccolta; al trattamento di dati personali che La riguardano a fini di invio di materiale pubblicitario o di vendita diretta o di comunicazione commerciale, mediante l\u2019uso di sistemi e-mail e\/o mediante modalit\u00e0 di contatto tradizionali mediante telefono e\/o posta cartacea. ove applicabili, ha altres\u00ec i diritti di cui agli artt. 16-21 GDPR (Diritto di rettifica, diritto all\u2019oblio, diritto di limitazione di trattamento, diritto alla portabilit\u00e0 dei dati, diritto di opposizione), nonch\u00e9 il diritto di reclamo all\u2019Autorit\u00e0 Garante. 10. Modalit\u00e0 di esercizio dei diritti Potr\u00e0 in qualsiasi momento esercitare i diritti di cui al precedente punto 9, inviando una e-mail all\u2019indirizzo privacy@sintaxinformatica.it.<\/p>\n","protected":false},"author":18,"featured_media":0,"parent":0,"menu_order":0,"comment_status":"closed","ping_status":"closed","template":"","meta":{"footnotes":""},"_links":{"self":[{"href":"https:\/\/www.sintaxinformatica.it\/index.php\/wp-json\/wp\/v2\/pages\/3368"}],"collection":[{"href":"https:\/\/www.sintaxinformatica.it\/index.php\/wp-json\/wp\/v2\/pages"}],"about":[{"href":"https:\/\/www.sintaxinformatica.it\/index.php\/wp-json\/wp\/v2\/types\/page"}],"author":[{"embeddable":true,"href":"https:\/\/www.sintaxinformatica.it\/index.php\/wp-json\/wp\/v2\/users\/18"}],"replies":[{"embeddable":true,"href":"https:\/\/www.sintaxinformatica.it\/index.php\/wp-json\/wp\/v2\/comments?post=3368"}],"version-history":[{"count":31,"href":"https:\/\/www.sintaxinformatica.it\/index.php\/wp-json\/wp\/v2\/pages\/3368\/revisions"}],"predecessor-version":[{"id":5928,"href":"https:\/\/www.sintaxinformatica.it\/index.php\/wp-json\/wp\/v2\/pages\/3368\/revisions\/5928"}],"wp:attachment":[{"href":"https:\/\/www.sintaxinformatica.it\/index.php\/wp-json\/wp\/v2\/media?parent=3368"}],"curies":[{"name":"wp","href":"https:\/\/api.w.org\/{rel}","templated":true}]}}