
{"id":27,"date":"2016-07-08T19:18:50","date_gmt":"2016-07-08T17:18:50","guid":{"rendered":"http:\/\/128.1.1.105\/wordpress\/?page_id=27"},"modified":"2016-09-23T17:29:21","modified_gmt":"2016-09-23T15:29:21","slug":"stage","status":"publish","type":"page","link":"https:\/\/www.sintaxinformatica.it\/index.php\/lavora-con-sintax\/stage\/","title":{"rendered":"Stage in Sintax"},"content":{"rendered":"<div class=\"text_box\">\n<h3>Lo stage in Sintax: un&#8217;opportunit\u00e0 di crescita professionale<\/h3>\n<\/div>\n<div class=\"container_8\">\n<h5><em><strong>Sei un neolaureato\/laureando?<\/em><\/strong><br \/>Lo stage \u00e8 un\u2019ottima opportunit\u00e0 per conoscere sul campo il possibile lavoro del futuro!<br \/>\nI nostri stage coinvolgono gli studenti in attivit\u00e0 e <em><strong>progetti aziendali innovativi<\/em><\/strong> che permettono di sviluppare le conoscenze acquisite nel corso degli studi universitari.<br \/>\n<br \/>Queste iniziative nascono principalmente dall&#8217;attiva collaborazione con l&#8217;Universit\u00e0 della Calabria con la quale \u00e8 stata stipulata apposita convenzione per poter ospitare gli studenti in Azienda secondo un progetto formativo concordato.<br \/>\nSin dall&#8217;attivazione dello stage, e per tutto il periodo di permanenza in Sintax, un tutor aziendale seguir\u00e0 lo stagista nelle diverse attivit\u00e0 formative-professionali. L&#8217;iniziativa permetter\u00e0 ad ogni studente di <em><strong>aggiungere al percorso di formazione un&#8217;importante esperienza on the job<\/em><\/strong>.<br \/>\n<br \/><em><strong>Candidati!<\/em><\/strong><br \/>Avrai la possibilit\u00e0 di conoscere attivamente le dinamiche lavorative in un contesto fortemente stimolante e moderno.<\/p>\n<div class=\"container_box\"><img loading=\"lazy\" decoding=\"async\" class=\"img_reference\" src=\"\/wp-content\/uploads\/2016\/09\/arroba.png\" alt=\"mail\" width=\"40\" height=\"40\" style=\"padding-top:30px\" size-thumbnail \/><\/div>\n<div class=\"container_10\">\n<h5><em><strong>Proponi la tua candidatura !<\/em><\/strong><br \/>Invia una e-mail all&#8217;indirizzo: <a href=\"mailto:info@sintax.eu\">info@sintax.eu<\/a><br \/><span_y><i class=\"fa fa-circle\" style=\"font-size:8px;\" aria-hidden=\"true\"><\/i>&nbsp;<\/span_y><em><strong>Oggetto della mail<\/em><\/strong>: Candidatura Stage<br \/><span_y><i class=\"fa fa-circle\" style=\"font-size:8px;\" aria-hidden=\"true\"><\/i>&nbsp;<\/span_y><em><strong>Corpo della mail<\/em><\/strong> Inserisci una breve presentazione in cui racconti chi sei, i tuoi interessi, attitudini e punti di forza.<br \/><span_y><i class=\"fa fa-circle\" style=\"font-size:8px;\" aria-hidden=\"true\"><\/i>&nbsp;<\/span_y><em><strong>Allega il tuo Curriculum<\/em><\/strong>.<\/h5>\n<\/div>\n<\/div>\n<div class=\"container_box_2\"><img loading=\"lazy\" decoding=\"async\" class=\"img_tb\" src=\"\/wp-content\/uploads\/2016\/09\/stage.png\" alt=\"Stage\" width=\"350\" height=\"362\" size-thumbnail \/><\/div>\n<div class=\"license\">Icons made by <a title=\"Freepik\" href=\"http:\/\/www.freepik.com\">Freepik<\/a> from <a title=\"Flaticon\" href=\"http:\/\/www.flaticon.com\">www.flaticon.com<\/a> is licensed by <a title=\"Creative Commons BY 3.0\" href=\"http:\/\/creativecommons.org\/licenses\/by\/3.0\/\" target=\"_blank\">CC 3.0 BY<\/a><\/div>\n","protected":false},"excerpt":{"rendered":"<p>Lo stage in Sintax: un&#8217;opportunit\u00e0 di crescita professionale Sei un neolaureato\/laureando?Lo stage \u00e8 un\u2019ottima opportunit\u00e0 per conoscere sul campo il possibile lavoro del futuro! I nostri stage coinvolgono gli studenti in attivit\u00e0 e progetti aziendali innovativi che permettono di sviluppare le conoscenze acquisite nel corso degli studi universitari. Queste iniziative nascono principalmente dall&#8217;attiva collaborazione con l&#8217;Universit\u00e0 della Calabria con la quale \u00e8 stata stipulata apposita convenzione per poter ospitare gli studenti in Azienda secondo un progetto formativo concordato. Sin dall&#8217;attivazione dello stage, e per tutto il periodo di permanenza in Sintax, un tutor aziendale seguir\u00e0 lo stagista nelle diverse attivit\u00e0 formative-professionali. L&#8217;iniziativa permetter\u00e0 ad ogni studente di aggiungere al percorso di formazione un&#8217;importante esperienza on the job. Candidati!Avrai la possibilit\u00e0 di conoscere attivamente le dinamiche lavorative in un contesto fortemente stimolante e moderno. Proponi la tua candidatura !Invia una e-mail all&#8217;indirizzo: info@sintax.eu&nbsp;Oggetto della mail: Candidatura Stage&nbsp;Corpo della mail Inserisci una breve presentazione in cui racconti chi sei, i tuoi interessi, attitudini e punti di forza.&nbsp;Allega il tuo Curriculum. Icons made by Freepik from www.flaticon.com is licensed by CC 3.0 BY<\/p>\n","protected":false},"author":18,"featured_media":0,"parent":37,"menu_order":0,"comment_status":"closed","ping_status":"closed","template":"","meta":{"footnotes":""},"_links":{"self":[{"href":"https:\/\/www.sintaxinformatica.it\/index.php\/wp-json\/wp\/v2\/pages\/27"}],"collection":[{"href":"https:\/\/www.sintaxinformatica.it\/index.php\/wp-json\/wp\/v2\/pages"}],"about":[{"href":"https:\/\/www.sintaxinformatica.it\/index.php\/wp-json\/wp\/v2\/types\/page"}],"author":[{"embeddable":true,"href":"https:\/\/www.sintaxinformatica.it\/index.php\/wp-json\/wp\/v2\/users\/18"}],"replies":[{"embeddable":true,"href":"https:\/\/www.sintaxinformatica.it\/index.php\/wp-json\/wp\/v2\/comments?post=27"}],"version-history":[{"count":38,"href":"https:\/\/www.sintaxinformatica.it\/index.php\/wp-json\/wp\/v2\/pages\/27\/revisions"}],"predecessor-version":[{"id":5493,"href":"https:\/\/www.sintaxinformatica.it\/index.php\/wp-json\/wp\/v2\/pages\/27\/revisions\/5493"}],"up":[{"embeddable":true,"href":"https:\/\/www.sintaxinformatica.it\/index.php\/wp-json\/wp\/v2\/pages\/37"}],"wp:attachment":[{"href":"https:\/\/www.sintaxinformatica.it\/index.php\/wp-json\/wp\/v2\/media?parent=27"}],"curies":[{"name":"wp","href":"https:\/\/api.w.org\/{rel}","templated":true}]}}