
{"id":25,"date":"2016-07-08T19:18:33","date_gmt":"2016-07-08T17:18:33","guid":{"rendered":"http:\/\/128.1.1.105\/wordpress\/?page_id=25"},"modified":"2016-09-23T17:27:30","modified_gmt":"2016-09-23T15:27:30","slug":"servizi","status":"publish","type":"page","link":"https:\/\/www.sintaxinformatica.it\/index.php\/servizi\/","title":{"rendered":"Servizi"},"content":{"rendered":"<div class=\"container_free\"><\/div>\n<div class=\"container_2\">\n<img loading=\"lazy\" decoding=\"async\" class=\"img_tb\" src=\"\/wp-content\/uploads\/2016\/08\/cloud-computing_green.png\" alt=\"SAAS\" width=\"80\" height=\"80\"size-thumbnail\/><\/p>\n<h4><a href=\"\/index.php\/servizi\/saas\/\">Il modello SAAS<\/a><\/h4>\n<p><\/p>\n<h5>Il modello Software-as-a-Service rappresenta <em><strong>l&#8217;evoluzione del modello di distribuzione del software che ne prevede l&#8217;utilizzo come fosse un servizio erogato tramite Internet<\/em><\/strong> senza la necessit\u00e0 di acquistare, installare e manutenere un\u2019infrastruttura IT dedicata.<\/h5>\n<p><\/p>\n<div class=\"Buttom_1\" ><a href=\"\/index.php\/servizi\/saas\/\">Scopri di pi\u00f9 &gt;<\/a><\/div>\n<\/div>\n<div class=\"container_free\"><\/div>\n<div class=\"container_2\">\n<img loading=\"lazy\" decoding=\"async\" class=\"img_tb\" src=\"\/wp-content\/uploads\/2016\/08\/technical-service_yellow.png\" alt=\"helpDesk\" width=\"80\" height=\"80\"size-thumbnail\/><\/p>\n<h4><a href=\"\/index.php\/servizi\/supporto-enti-locali\/\">Tutto per gli Enti Locali<\/a><\/h4>\n<p><\/p>\n<h5>Un team di professionisti, dotato di elevate capacit\u00e0 e competenze, \u00e8 a disposizione degli Enti per garantire un <em><strong>servizio di supporto tecnico-specialistico, affidabile, efficiente e di qualit\u00e0<\/em><\/strong>.<\/h5>\n<p><\/p>\n<div class=\"Buttom_1\" style=\"margin-top: 40px;\"><a href=\"\/index.php\/servizi\/supporto-enti-locali\/\">Scopri di pi\u00f9 &gt;<\/a><\/div>\n<\/div>\n<div class=\"license\">Icons made by <a title=\"Freepik\" href=\"http:\/\/www.freepik.com\">Freepik<\/a> from <a title=\"Flaticon\" href=\"http:\/\/www.flaticon.com\">www.flaticon.com<\/a> is licensed by <a title=\"Creative Commons BY 3.0\" href=\"http:\/\/creativecommons.org\/licenses\/by\/3.0\/\" target=\"_blank\">CC 3.0 BY<\/a><\/div>\n<div class=\"license\">Icons made by <a href=\"http:\/\/www.flaticon.com\/authors\/plainicon\" title=\"Plainicon\">Plainicon<\/a> from <a href=\"http:\/\/www.flaticon.com\" title=\"Flaticon\">www.flaticon.com<\/a> is licensed by <a href=\"http:\/\/creativecommons.org\/licenses\/by\/3.0\/\" title=\"Creative Commons BY 3.0\" target=\"_blank\">CC 3.0 BY<\/a><\/div>\n<\/div>\n","protected":false},"excerpt":{"rendered":"<p>Il modello SAAS Il modello Software-as-a-Service rappresenta l&#8217;evoluzione del modello di distribuzione del software che ne prevede l&#8217;utilizzo come fosse un servizio erogato tramite Internet senza la necessit\u00e0 di acquistare, installare e manutenere un\u2019infrastruttura IT dedicata. Scopri di pi\u00f9 &gt; Tutto per gli Enti Locali Un team di professionisti, dotato di elevate capacit\u00e0 e competenze, \u00e8 a disposizione degli Enti per garantire un servizio di supporto tecnico-specialistico, affidabile, efficiente e di qualit\u00e0. Scopri di pi\u00f9 &gt; Icons made by Freepik from www.flaticon.com is licensed by CC 3.0 BY Icons made by Plainicon from www.flaticon.com is licensed by CC 3.0 BY<\/p>\n","protected":false},"author":18,"featured_media":0,"parent":0,"menu_order":3,"comment_status":"closed","ping_status":"closed","template":"","meta":{"footnotes":""},"_links":{"self":[{"href":"https:\/\/www.sintaxinformatica.it\/index.php\/wp-json\/wp\/v2\/pages\/25"}],"collection":[{"href":"https:\/\/www.sintaxinformatica.it\/index.php\/wp-json\/wp\/v2\/pages"}],"about":[{"href":"https:\/\/www.sintaxinformatica.it\/index.php\/wp-json\/wp\/v2\/types\/page"}],"author":[{"embeddable":true,"href":"https:\/\/www.sintaxinformatica.it\/index.php\/wp-json\/wp\/v2\/users\/18"}],"replies":[{"embeddable":true,"href":"https:\/\/www.sintaxinformatica.it\/index.php\/wp-json\/wp\/v2\/comments?post=25"}],"version-history":[{"count":31,"href":"https:\/\/www.sintaxinformatica.it\/index.php\/wp-json\/wp\/v2\/pages\/25\/revisions"}],"predecessor-version":[{"id":3208,"href":"https:\/\/www.sintaxinformatica.it\/index.php\/wp-json\/wp\/v2\/pages\/25\/revisions\/3208"}],"wp:attachment":[{"href":"https:\/\/www.sintaxinformatica.it\/index.php\/wp-json\/wp\/v2\/media?parent=25"}],"curies":[{"name":"wp","href":"https:\/\/api.w.org\/{rel}","templated":true}]}}