
{"id":21,"date":"2016-07-08T19:17:59","date_gmt":"2016-07-08T17:17:59","guid":{"rendered":"http:\/\/128.1.1.105\/wordpress\/?page_id=21"},"modified":"2016-09-23T17:18:19","modified_gmt":"2016-09-23T15:18:19","slug":"azienda","status":"publish","type":"page","link":"https:\/\/www.sintaxinformatica.it\/index.php\/azienda\/","title":{"rendered":"Azienda"},"content":{"rendered":"<div class=\"container_7\">\n<img loading=\"lazy\" decoding=\"async\" class=\"img_tb\" src=\"\/wp-content\/uploads\/2016\/08\/about-us_blue.png\" alt=\"about-us_blue\" width=\"75\" height=\"75\" size-thumbnail\/><\/p>\n<h4><a href=\"\/index.php\/azienda\/chi-siamo\/\">Chi siamo<\/a><\/h4>\n<p><\/p>\n<h5>La Sintax \u00e8 una software house che nasce nel 2000, come spin off di una societ\u00e0 operante nel settore dei servizi tributari. Oggi come allora, la <em><strong>Sintax si \u00e8 focalizzata sullo sviluppo di soluzioni software e servizi per la Fiscalit\u00e0 Locale<\/em><\/strong>.<\/h5>\n<div class=\"Buttom_1\" style=\"padding-top:20px;\"><a href=\"\/index.php\/azienda\/chi-siamo\/\">Scopri di pi\u00f9 &gt;<\/a><\/div>\n<\/div>\n<div class=\"container_7\" style=\"padding-top:15px;\">\n<img loading=\"lazy\" decoding=\"async\" class=\"img_tb\" src=\"\/wp-content\/uploads\/2016\/09\/diagram_red.png\" alt=\"organization\" width=\"60\" height=\"60\" size-thumbnail\/><\/p>\n<h4 ><a href=\"\/index.php\/azienda\/organizzazione-aziendale\/\">Organizzazione Aziendale<\/a><\/h4>\n<p><\/p>\n<h5>Ogni giorno offriamo ai nostri clienti servizi innovativi e tecnologie ICT avanzate. <em><strong>A distinguerci non \u00e8 solo cosa offriamo, ma anche come<\/em><\/strong>: elevata qualit\u00e0 delle soluzioni.<em><strong> Azienda Certificata ISO 9001:2008<\/em><\/strong>.<\/h5>\n<div class=\"Buttom_1\" style=\"padding-top:42px;\"><a href=\"\/index.php\/azienda\/organizzazione-aziendale\/\">Scopri di pi\u00f9 &gt;<\/a><\/div>\n<\/div>\n<div class=\"container_7\" style=\"padding-top:5px;\">\n<img loading=\"lazy\" decoding=\"async\" class=\"img_tb\" src=\"\/wp-content\/uploads\/2016\/09\/customer_yellow.png\" alt=\"customrs\" width=\"70\" height=\"70\" size-thumbnail\/><\/p>\n<h4><a href=\"\/index.php\/azienda\/referenze\/\">Le nostre referenze<\/a><\/h4>\n<p><\/p>\n<h5><em><strong>Condividiamo le esperienze di lavoro<\/em><\/strong>. Ci confrontiamo assiduamente con i nostri clienti per conoscere le realt\u00e0 e le sfide quotidiane che affrontano al fine di costruire e sviluppare <em><strong>servizi e soluzioni software ad alto valore aggiunto<\/em><\/strong>.<\/h5>\n<div class=\"Buttom_1\" style=\"padding-top:20px;\"><a href=\"\/index.php\/azienda\/referenze\/\">Scopri di pi\u00f9 &gt;<\/a><\/div>\n<\/div>\n<div class=\"license\">Icons made by <a title=\"Freepik\" href=\"http:\/\/www.freepik.com\">Freepik<\/a> from <a title=\"Flaticon\" href=\"http:\/\/www.flaticon.com\">www.flaticon.com<\/a> is licensed by <a title=\"Creative Commons BY 3.0\" href=\"http:\/\/creativecommons.org\/licenses\/by\/3.0\/\" target=\"_blank\">CC 3.0 BY<\/a><\/div>\n<div class=\"license\">Icons made by <a href=\"http:\/\/www.flaticon.com\/authors\/plainicon\" title=\"Plainicon\">Plainicon<\/a> from <a href=\"http:\/\/www.flaticon.com\" title=\"Flaticon\">www.flaticon.com<\/a> is licensed by <a href=\"http:\/\/creativecommons.org\/licenses\/by\/3.0\/\" title=\"Creative Commons BY 3.0\" target=\"_blank\">CC 3.0 BY<\/a><\/div>\n<\/div>\n","protected":false},"excerpt":{"rendered":"<p>Chi siamo La Sintax \u00e8 una software house che nasce nel 2000, come spin off di una societ\u00e0 operante nel settore dei servizi tributari. Oggi come allora, la Sintax si \u00e8 focalizzata sullo sviluppo di soluzioni software e servizi per la Fiscalit\u00e0 Locale. Scopri di pi\u00f9 &gt; Organizzazione Aziendale Ogni giorno offriamo ai nostri clienti servizi innovativi e tecnologie ICT avanzate. A distinguerci non \u00e8 solo cosa offriamo, ma anche come: elevata qualit\u00e0 delle soluzioni. Azienda Certificata ISO 9001:2008. Scopri di pi\u00f9 &gt; Le nostre referenze Condividiamo le esperienze di lavoro. Ci confrontiamo assiduamente con i nostri clienti per conoscere le realt\u00e0 e le sfide quotidiane che affrontano al fine di costruire e sviluppare servizi e soluzioni software ad alto valore aggiunto. Scopri di pi\u00f9 &gt; Icons made by Freepik from www.flaticon.com is licensed by CC 3.0 BY Icons made by Plainicon from www.flaticon.com is licensed by CC 3.0 BY<\/p>\n","protected":false},"author":18,"featured_media":0,"parent":0,"menu_order":1,"comment_status":"closed","ping_status":"closed","template":"","meta":{"footnotes":""},"_links":{"self":[{"href":"https:\/\/www.sintaxinformatica.it\/index.php\/wp-json\/wp\/v2\/pages\/21"}],"collection":[{"href":"https:\/\/www.sintaxinformatica.it\/index.php\/wp-json\/wp\/v2\/pages"}],"about":[{"href":"https:\/\/www.sintaxinformatica.it\/index.php\/wp-json\/wp\/v2\/types\/page"}],"author":[{"embeddable":true,"href":"https:\/\/www.sintaxinformatica.it\/index.php\/wp-json\/wp\/v2\/users\/18"}],"replies":[{"embeddable":true,"href":"https:\/\/www.sintaxinformatica.it\/index.php\/wp-json\/wp\/v2\/comments?post=21"}],"version-history":[{"count":167,"href":"https:\/\/www.sintaxinformatica.it\/index.php\/wp-json\/wp\/v2\/pages\/21\/revisions"}],"predecessor-version":[{"id":3198,"href":"https:\/\/www.sintaxinformatica.it\/index.php\/wp-json\/wp\/v2\/pages\/21\/revisions\/3198"}],"wp:attachment":[{"href":"https:\/\/www.sintaxinformatica.it\/index.php\/wp-json\/wp\/v2\/media?parent=21"}],"curies":[{"name":"wp","href":"https:\/\/api.w.org\/{rel}","templated":true}]}}