
{"id":123,"date":"2016-08-16T18:49:26","date_gmt":"2016-08-16T16:49:26","guid":{"rendered":"http:\/\/128.1.1.105\/wordpress\/?page_id=123"},"modified":"2016-10-03T20:10:41","modified_gmt":"2016-10-03T18:10:41","slug":"invia-il-tuo-curriculum","status":"publish","type":"page","link":"https:\/\/www.sintaxinformatica.it\/index.php\/lavora-con-sintax\/invia-il-tuo-curriculum\/","title":{"rendered":"Invia il tuo Curriculum"},"content":{"rendered":"<p><img loading=\"lazy\" decoding=\"async\" class=\"img_tb\" src=\"\/wp-content\/uploads\/2016\/09\/code_2.png\" alt=\"lavora_con_noi\" width=\"1150\" height=\"250\" size-thumbnail \/><\/p>\n<div class=\"text_box\">\n<h3>Entra a far parte di Sintax<\/h3>\n<\/div>\n<div class=\"container_11\">\n<h5>Un\u2019organizzazione in continuo movimento che cambia ed evolve, si arricchisce di competenze e contribuisce a crearne di nuove. Tutto questo \u00e8 Sintax.<br \/>L\u2019anima della nostra azienda \u00e8 costituita da persone con la passione per l\u2019innovazione, che si distinguono per entusiasmo,\u00a0impegno e spirito d\u2019iniziativa.<br \/> Entrare a far parte di questo mondo significa entrare in una grande squadra che, con competenza, impegno e determinazione intende raggiungere i traguardi dell\u2019Azienda e dei nostri Clienti.<br \/>\n<br \/><em><strong>Entra in contatto con noi: cerchiamo profili senior e junior<\/em><\/strong> desiderosi di costruire la loro professionalit\u00e0, di imparare, di crescere e di migliorarsi per raggiungere gli obiettivi individuali e di gruppo. Persone che desiderano esprimere il loro valore come contributo alla crescita ed alla soddisfazione di tutti.<br \/>\n<br \/>\n<em><strong>Proponi la tua candidatura !<\/em><\/strong><br \/>Puoi ricercare tra le <a href=\"\/index.php\/lavora-con-sintax\/invia-il-tuo-curriculum\/posizioni-aperte\/\"><i class=\"fa fa-external-link\"><\/i>&nbsp;posizioni aperte<\/a> oppure <a href=\"\/index.php\/invia-il-tuo-curriculum\/#openModal_3\"><i class=\"fa fa-external-link\"><\/i>&nbsp;inviare la tua candidatura spontanea<\/a>.<br \/>\nLa compilazione del form di candidatura richiede pochi minuti. Al termine riceverai una e-mail di conferma della registrazione.<\/h5>\n<\/div>\n<div class=\"Buttom_3\" style=\"margin-top:25px;margin-bottom:15px;margin-right:10px; display:inline-block;position:relative\"> <a href=\"http:\/\/www.sintaxinformatica.it\/index.php\/lavora-con-sintax\/invia-il-tuo-curriculum\/posizioni-aperte\/\">&nbsp;&nbsp;&nbsp;&nbsp;&nbsp;Visualizza le posizioni aperte&nbsp;&nbsp;&nbsp;&nbsp;&nbsp;<\/a><\/div>\n<div class=\"Buttom_3\" style=\"margin-top:25px;margin-bottom:15px;margin-left:30px;display:inline-block;position:relative\"> <a href=\"#openModal_3\">Invia la tua candidatura spontanea<\/a><\/div>\n<div id=\"openModal_3\" class=\"modalDialog\">\n<a href=\"#close\" title=\"Close\" class=\"close\">X<\/a><\/p>\n<div class=\"container_13\">\n<div class=\"wpcf7 no-js\" id=\"wpcf7-f3378-o1\" lang=\"it-IT\" dir=\"ltr\">\n<div class=\"screen-reader-response\"><p role=\"status\" aria-live=\"polite\" aria-atomic=\"true\"><\/p> <ul><\/ul><\/div>\n<form action=\"\/index.php\/wp-json\/wp\/v2\/pages\/123#wpcf7-f3378-o1\" method=\"post\" class=\"wpcf7-form init wpcf7-acceptance-as-validation\" aria-label=\"Modulo di contatto\" enctype=\"multipart\/form-data\" novalidate=\"novalidate\" data-status=\"init\">\n<div style=\"display: none;\">\n<input type=\"hidden\" name=\"_wpcf7\" value=\"3378\" \/>\n<input type=\"hidden\" name=\"_wpcf7_version\" value=\"5.9.4\" \/>\n<input type=\"hidden\" name=\"_wpcf7_locale\" value=\"it_IT\" \/>\n<input type=\"hidden\" name=\"_wpcf7_unit_tag\" value=\"wpcf7-f3378-o1\" \/>\n<input type=\"hidden\" name=\"_wpcf7_container_post\" value=\"0\" \/>\n<input type=\"hidden\" name=\"_wpcf7_posted_data_hash\" value=\"\" \/>\n<\/div>\n<p style=\"background-color:#0168b3;font-size:100%;font-weight:600; color:#fff; padding:10px;border-radius:4px;text-align:center\">Candidatura spontanea\n<\/p>\n<div style=\"color:#0168b3; font-size:90%;\">\n\t<p> Nome<br \/>\n<span class=\"wpcf7-form-control-wrap\" data-name=\"your-name\"><input size=\"40\" maxlength=\"100\" class=\"wpcf7-form-control wpcf7-text wpcf7-validates-as-required\" aria-required=\"true\" aria-invalid=\"false\" value=\"\" type=\"text\" name=\"your-name\" \/><\/span>\n\t<\/p>\n\t<p> Cognome<br \/>\n<span class=\"wpcf7-form-control-wrap\" data-name=\"your-surname\"><input size=\"40\" maxlength=\"100\" class=\"wpcf7-form-control wpcf7-text wpcf7-validates-as-required\" aria-required=\"true\" aria-invalid=\"false\" value=\"\" type=\"text\" name=\"your-surname\" \/><\/span>\n\t<\/p>\n\t<p> E-mail<br \/>\n<span class=\"wpcf7-form-control-wrap\" data-name=\"your-email\"><input size=\"40\" class=\"wpcf7-form-control wpcf7-email wpcf7-validates-as-required wpcf7-text wpcf7-validates-as-email\" aria-required=\"true\" aria-invalid=\"false\" value=\"\" type=\"email\" name=\"your-email\" \/><\/span>\n\t<\/p>\n\t<p><label style=\"color:#C0392B\"> Appartenente a liste speciali (legge 68\/99 - art.18\u2026)?<span class=\"wpcf7-form-control-wrap\" data-name=\"your-LPStatus\"><span class=\"wpcf7-form-control wpcf7-radio\"><span class=\"wpcf7-list-item first\"><span class=\"wpcf7-list-item-label\">No<\/span><input type=\"radio\" name=\"your-LPStatus\" value=\"No\" checked=\"checked\" \/><\/span><span class=\"wpcf7-list-item last has-free-text\"><span class=\"wpcf7-list-item-label\">Si<\/span><input type=\"radio\" name=\"your-LPStatus\" value=\"Si\" \/> <input type=\"text\" name=\"_wpcf7_free_text_your-LPStatus\" class=\"wpcf7-free-text\" \/><\/span><\/span><\/span><\/label><label style=\"font-size:90%; color:#666\">&nbsp;&nbsp;Se s\u00ec, Specificare...<\/label>\n\t<\/p>\n\t<p> Inserisci una breve presentazione in cui racconti chi sei, i tuoi interessi, attitudini e punti di forza.<br \/>\n<span class=\"wpcf7-form-control-wrap\" data-name=\"your-message\"><textarea cols=\"40\" rows=\"10\" maxlength=\"3000\" class=\"wpcf7-form-control wpcf7-textarea\" aria-invalid=\"false\" name=\"your-message\"><\/textarea><\/span>\n\t<\/p>\n\t<div style=\"margin-bottom:20px\">\n\t\t<p> Allega il tuo CV<br \/>\n<span class=\"wpcf7-form-control-wrap\" data-name=\"Allegato\"><input size=\"40\" class=\"wpcf7-form-control wpcf7-file wpcf7-validates-as-required\" accept=\".pdf,.doc,.docx,.odt\" aria-required=\"true\" aria-invalid=\"false\" type=\"file\" name=\"Allegato\" \/><\/span>\n\t\t<\/p>\n\t<\/div>\n\t<div class=\"container_14\">\n\t\t<h4 style=\"color: #666 !important; text-align: center !important; text-shadow: none !important; font-weight: bold !important; font-size: 95% !important;\">INFORMATIVA PER IL TRATTAMENTO DEI DATI PERSONALI DI CANDIDATI A POSIZIONI LAVORATIVE\n\t\t<\/h4>\n\t\t<h5 style=\"color: #666 !important; text-shadow: none !important; font-size: 80% !important; text-align: justify !important; line-height: 1.3em !important; font-weight: normal !important;\"><strong>SINTAX s.r.l.<\/strong> con sede legale in Via G. Verdi, 9 e P. IVA 02177970783 (di seguito denominata &ldquo;<strong>Titolare<\/strong>&rdquo;), in qualit&agrave; di titolare del trattamento, La informa ai sensi degli art. 7 e 13 del Regolamento UE n. 2016\/679 &ndash; &ldquo;Regolamento Generale per la Protezione dei Dati personali&rdquo; (in seguito, &ldquo;<strong>GDPR<\/strong>&rdquo;) che i Suoi dati saranno trattati con le modalit&agrave; e per le finalit&agrave; seguenti:\n\t\t<\/h5>\n\t\t<h4 style=\"color: #666 !important; text-align: left !important; text-shadow: none !important; font-weight: bold !important; font-size: 90% !important;\">1. Oggetto del Trattamento\n\t\t<\/h4>\n\t\t<h5 style=\"color: #666 !important; text-shadow: none !important; font-size: 80% !important; text-align: justify !important; line-height: 1.3em !important; font-weight: normal !important;\">Il Titolare tratta i Suoi dati personali identificativi da Lei spontaneamente comunicati per poter accedere alla procedura di selezione di candidati per posizioni lavorative aperte presso il Titolare.<br \/>\nI dati personali che La riguardano, organizzati in forma di curriculum vitae sono i seguenti:\n\t\t<\/h5>\n\t\t<ol style=\"color: #666 !important; text-shadow: none !important; font-size: 80% !important; text-align: justify !important; line-height: 1.3em !important; font-weight: normal !important; margin: 0px 0px 0px 20px !important; list-style-type:disc\">\n\t\t\t<li>\n\t\t\t\t<p>dati personali che permettono la Sua identificazione diretta (necessari);\n\t\t\t\t<\/p>\n\t\t\t<\/li>\n\t\t\t<li>\n\t\t\t\t<p>dati inerenti il Suo percorso di studio e di esperienza lavorative (necessari);\n\t\t\t\t<\/p>\n\t\t\t<\/li>\n\t\t\t<li>\n\t\t\t\t<p>Suoi dati di contatto quali telefono, mail, etc.. (necessari);\n\t\t\t\t<\/p>\n\t\t\t<\/li>\n\t\t\t<li>\n\t\t\t\t<p>fotografia (eventuale);\n\t\t\t\t<\/p>\n\t\t\t<\/li>\n\t\t\t<li>\n\t\t\t\t<p>eventuali dati particolari (GDPR Art 9) solo inerenti l&rsquo;eventuale appartenenza alle categorie protette e relativa percentuale di invalidit&agrave;.\n\t\t\t\t<\/p>\n\t\t\t<\/li>\n\t\t<\/ol>\n\t\t<h4 style=\"color: #666 !important; text-align: left !important; text-shadow: none !important; font-weight: bold !important; font-size: 90% !important;\">2. Finalit&agrave; del trattamento\n\t\t<\/h4>\n\t\t<h5 style=\"color: #666 !important; text-shadow: none !important; font-size: 80% !important; text-align: justify !important; line-height: 1.3em !important; font-weight: normal !important;\">I Suoi dati personali sono trattati previo Suo specifico consenso (GDPR art 7), esclusivamente per l&rsquo;attivit&agrave; di ricerca\/selezione del personale da inserire nella propria struttura, relativamente a posizioni aperte attuali e future.<br \/>\nTali informazioni acquisite all\u2019atto dell\u2019inoltro della prima richiesta sono conservate nei nostri archivi per consentirci di inviarLe anche successive comunicazioni per le medesime finalit&agrave;, fatto salvo il Suo diritto a revocare il consenso in qualsiasi momento (GDPR art. 7 comma 3) nelle modalit&agrave; descritte al successivo paragrafo 9.\n\t\t<\/h5>\n\t\t<h4 style=\"color: #666 !important; text-align: left !important; text-shadow: none !important; font-weight: bold !important; font-size: 90% !important;\">3. Modalit&agrave; di trattamento\n\t\t<\/h4>\n\t\t<h5 style=\"color: #666 !important; text-shadow: none !important; font-size: 80% !important; text-align: justify !important; line-height: 1.3em !important; font-weight: normal !important;\">I dati sono raccolti tramite l'utilizzo della sezione &ldquo;LAVORA CON NOI&rdquo;, e relative sottosezioni, disponibile sul sito <a href=\"http:\/\/www.sintaxinformatica.it\/\">www.sintaxinformatica.it<\/a>, e successivamente inoltrati mediante tecnologia web-mail alla mail aziendale del referente la selezione delle candidature. I dati potranno essere opzionalmente stampati e conservati in archivi riservati oppure custoditi elettronicamente.<br \/>\nAnalogamente verranno raccolti e trattati curriculum vitae a noi recapitati con mezzi tradizionali (es. posta, fax, e-mail ed a mano).<br \/>\nIl trattamento dei dati verr&agrave; eseguito nel rispetto dei principi di correttezza, liceit&agrave;, pertinenza, non eccedenza con particolare riferimento alla tutela della riservatezza sar\u00e0 effettuato sia manualmente che con l'ausilio di mezzi informatici e\/o telematici, e\/o cartacei comunque idonei a garantire la sicurezza e riservatezza, nel rispetto delle regole fissate dal GDPR.<br \/>\nNon \u00e8 previsto alcun trattamento automatizzato, ogni attivit&agrave; di contatto &egrave; subordinata alla decisione di una persona fisica.\n\t\t<\/h5>\n\t\t<h4 style=\"color: #666 !important; text-align: left !important; text-shadow: none !important; font-weight: bold !important; font-size: 90% !important;\">4. Accesso ai dati\n\t\t<\/h4>\n\t\t<h5 style=\"color: #666 !important; text-shadow: none !important; font-size: 80% !important; text-align: justify !important; line-height: 1.3em !important; font-weight: normal !important;\">I Suoi dati personali, potranno essere resi accessibili per le finalit\u00e0 di cui al paragrafo 2. esclusivamente a dipendenti e collaboratori del Titolare, nominati responsabili interni del trattamento. Non \u00e8 previsto alcun conferimento a soggetti terzi.<br \/>\nSono adottate dal Titolare e dai Responsabili sia interni che esterni modalit\u00e0 di protezione dei dati, mettendo in atto misure tecniche e organizzative adeguate a garantire che il trattamento soddisfi le impostazioni predefinite alle specifiche finalit\u00e0 dichiarate al punto 2.\n\t\t<\/h5>\n\t\t<h4 style=\"color: #666 !important; text-align: left !important; text-shadow: none !important; font-weight: bold !important; font-size: 90% !important;\">5. Comunicazione dei dati\n\t\t<\/h4>\n\t\t<h5 style=\"color: #666 !important; text-shadow: none !important; font-size: 80% !important; text-align: justify !important; line-height: 1.3em !important; font-weight: normal !important;\">Non \u00e8 prevista per le finalit\u00e0 indicate al paragrafo 2 alcuna comunicazione all\u2019esterno dei dati da Lei conferiti\n\t\t<\/h5>\n\t\t<h4 style=\"color: #666 !important; text-align: left !important; text-shadow: none !important; font-weight: bold !important; font-size: 90% !important;\">6. Trattamento dei dati\n\t\t<\/h4>\n\t\t<h5 style=\"color: #666 !important; text-shadow: none !important; font-size: 80% !important; text-align: justify !important; line-height: 1.3em !important; font-weight: normal !important;\">I suoi dati personali sono conservati su server aziendali ubicati presso la sede legale del Titolare.<br \/>\nAi sensi dell\u2019art. 13, comma 1, lettera (f) del GDPR, si informa che per tutti i dati raccolti non \u00e8 previsto alcun trasferimento ad un paese terzo o a un'organizzazione internazionale n\u00e9 all\u2019interno n\u00e9 al di fuori della Unione Europea.\n\t\t<\/h5>\n\t\t<h4 style=\"color: #666 !important; text-align: left !important; text-shadow: none !important; font-weight: bold !important; font-size: 90% !important;\">7. Natura del conferimento dei dati e conseguenze del rifiuto di rispondere\n\t\t<\/h4>\n\t\t<h5 style=\"color: #666 !important; text-shadow: none !important; font-size: 80% !important; text-align: justify !important; line-height: 1.3em !important; font-weight: normal !important;\">Il conferimento dei dati per le finalit\u00e0 del punto 2 \u00e8 facoltativo, ma il Suo rifiuto a fornirli o a permetterne il successivo trattamento potr\u00e0 determinare per la scrivente l\u2019impossibilit\u00e0 di inserire i dati nel proprio archivio e, conseguentemente, di proseguire con le attivit\u00e0 di selezione.<br \/>\nNella fase di selezione del personale il Titolare ha necessit\u00e0 di raccogliere i dati particolari inerenti l\u2019eventuale appartenenza alle categorie protette e relativa percentuale di invalidit\u00e0, dati relativamente ai quali vale l\u2019espresso consenso scritto nei limiti dell\u2019Autorizzazione generale emessa dal Garante per la protezione dei dati personali relativamente ai dati sensibili nel rapporto di lavoro. La invitiamo a non inserire nel Suo curriculum vitae altri dati sensibili (relativi ad esempio allo stato di salute, a convinzioni religiose, opinioni politiche), con l\u2019avvertenza che qualora fossero indicati, questi saranno immediatamente cancellati.\n\t\t<\/h5>\n\t\t<h4 style=\"color: #666 !important; text-align: left !important; text-shadow: none !important; font-weight: bold !important; font-size: 90% !important;\">8. Tempi di conservazione dei dati e altre informazioni\n\t\t<\/h4>\n\t\t<h5 style=\"color: #666 !important; text-shadow: none !important; font-size: 80% !important; text-align: justify !important; line-height: 1.3em !important; font-weight: normal !important;\">Il trattamento avr\u00e0 una durata necessaria agli scopi per i quali i dati sono stati raccolti. Qualora vi sia un interesse del Titolare pur in presenza di un esito negativo della singola selezione, i dati raccolti potranno essere utilizzati e conservati anche per successive attivit\u00e0 di selezione e comunque per un periodo di tempo non superiore a 12 mesi. Resta fermo che se Lei ritenesse esaurita la finalit\u00e0 del trattamento avr\u00e0 la facolt\u00e0 di esercitare i diritti descritti al successivo paragrafo 9.\n\t\t<\/h5>\n\t\t<h4 style=\"color: #666 !important; text-align: left !important; text-shadow: none !important; font-weight: bold !important; font-size: 90% !important;\">9. Diritti dell\u2019interessato\n\t\t<\/h4>\n\t\t<h5 style=\"color: #666 !important; text-shadow: none !important; font-size: 80% !important; text-align: justify !important; line-height: 1.3em !important; font-weight: normal !important;\">Nella Sua qualit\u00e0 di interessato, ha i diritti espressi all\u2019art. 15 del GDPR e precisamente i diritti di:\n\t\t<\/h5>\n\t\t<ol style=\"color: #666 !important; text-shadow: none !important; font-size: 80% !important; text-align: justify !important; line-height: 1.3em !important; font-weight: normal !important; margin: 0px 0px 0px 20px !important; list-style-type:lower-roman;\">\n\t\t\t<li>\n\t\t\t\t<p>ottenere la conferma dell'esistenza o meno di dati personali che La riguardano, anche se non ancora registrati, e la loro comunicazione in forma intelligibile;\n\t\t\t\t<\/p>\n\t\t\t<\/li>\n\t\t\t<li>\n\t\t\t\t<p>ottenere l'indicazione:\n\t\t\t\t<\/p>\n\t\t\t<\/li>\n\t\t\t<ol style=\"margin: 0px 0px 0px 20px !important;list-style-type:lower-latin;\">\n\t\t\t\t<li>\n\t\t\t\t\t<p>dell'origine dei dati personali;\n\t\t\t\t\t<\/p>\n\t\t\t\t<\/li>\n\t\t\t\t<li>\n\t\t\t\t\t<p>delle finalit\u00e0 e modalit\u00e0 del trattamento;\n\t\t\t\t\t<\/p>\n\t\t\t\t<\/li>\n\t\t\t\t<li>\n\t\t\t\t\t<p>della logica applicata in caso di trattamento effettuato con l'ausilio di strumenti elettronici;\n\t\t\t\t\t<\/p>\n\t\t\t\t<\/li>\n\t\t\t\t<li>\n\t\t\t\t\t<p>degli estremi identificativi del titolare e dei responsabili designati ai sensi dell\u2019Art. 3, comma 1, GDPR;\n\t\t\t\t\t<\/p>\n\t\t\t\t<\/li>\n\t\t\t\t<li>\n\t\t\t\t\t<p>dei soggetti o delle categorie di soggetti ai quali i dati personali possono essere comunicati o che possono venirne a conoscenza in qualit\u00e0 di rappresentante designato nel territorio dello Stato, di responsabili o incaricati;\n\t\t\t\t\t<\/p>\n\t\t\t\t<\/li>\n\t\t\t<\/ol>\n\t\t\t<li>\n\t\t\t\t<p>ottenere:\n\t\t\t\t<\/p>\n\t\t\t<\/li>\n\t\t\t<ol style=\"margin: 0px 0px 0px 20px !important;list-style-type:lower-latin;\">\n\t\t\t\t<li>\n\t\t\t\t\t<p>l'aggiornamento, la rettificazione ovvero, quando vi ha interesse, l'integrazione dei dati;\n\t\t\t\t\t<\/p>\n\t\t\t\t<\/li>\n\t\t\t\t<li>\n\t\t\t\t\t<p>la cancellazione, la trasformazione in forma anonima o il blocco dei dati trattati in violazione di legge, compresi quelli di cui non \u00e8 necessaria la conservazione in relazione agli scopi per i quali i dati sono stati raccolti o successivamente trattati;\n\t\t\t\t\t<\/p>\n\t\t\t\t<\/li>\n\t\t\t<\/ol>\n\t\t\t<li>\n\t\t\t\t<p>opporsi, in tutto o in parte per motivi legittimi al trattamento dei dati personali che La riguardano, ancorch\u00e9 pertinenti allo scopo della raccolta;\n\t\t\t\t<\/p>\n\t\t\t<\/li>\n\t\t\t<li>\n\t\t\t\t<p>ove applicabili, ha altres\u00ec i diritti di cui agli artt. 16-21 GDPR (Diritto di rettifica, diritto all\u2019oblio, diritto di limitazione di trattamento, diritto alla portabilit\u00e0 dei dati, diritto di opposizione), nonch\u00e9 il diritto di reclamo all\u2019Autorit\u00e0 Garante.\n\t\t\t\t<\/p>\n\t\t\t<\/li>\n\t\t<\/ol>\n\t\t<h4 style=\"color: #666 !important; text-align: left !important; text-shadow: none !important; font-weight: bold !important; font-size: 90% !important;\">10. Modalit\u00e0 di esercizio dei diritti\n\t\t<\/h4>\n\t\t<h5 style=\"color: #666 !important; text-shadow: none !important; font-size: 80% !important; text-align: justify !important; line-height: 1.3em !important; font-weight: normal !important;\">Potr\u00e0 in qualsiasi momento esercitare i diritti di cui al precedente punto 9, inviando una e-mail all\u2019indirizzo privacy@sintaxinformatica.it.\n\t\t<\/h5>\n\t<\/div>\n\t<div style=\"color:#C0392B !important; font-size:75% !important; text-align:justify !important;line-height:1.3em !important; margin-bottom:15px !important;margin-top:15px !important;\">\n\t\t<p><span class=\"wpcf7-form-control-wrap\" data-name=\"acceptance-581\"><span class=\"wpcf7-form-control wpcf7-acceptance\"><span class=\"wpcf7-list-item\"><input type=\"checkbox\" name=\"acceptance-581\" value=\"1\" aria-invalid=\"false\" \/><\/span><\/span><\/span><label >&nbsp;Dichiaro di aver letto e compreso l\u2019informativa sulla privacy.<\/label>\n\t\t<\/p>\n\t<\/div>\n\t<div style=\"margin-top:20px\">\n\t\t<p><input class=\"wpcf7-form-control wpcf7-submit has-spinner\" type=\"submit\" value=\"Invia\" \/>\n\t\t<\/p>\n\t<\/div>\n<\/div><div class=\"wpcf7-response-output\" aria-hidden=\"true\"><\/div>\n<\/form>\n<\/div>\n<\/div>\n<\/div>\n<div class=\"license\">Icons made by <a title=\"Freepik\" href=\"http:\/\/www.freepik.com\">Freepik<\/a> from <a title=\"Flaticon\" href=\"http:\/\/www.flaticon.com\">www.flaticon.com<\/a> is licensed by <a title=\"Creative Commons BY 3.0\" href=\"http:\/\/creativecommons.org\/licenses\/by\/3.0\/\" target=\"_blank\">CC 3.0 BY<\/a><\/div>\n","protected":false},"excerpt":{"rendered":"<p>Entra a far parte di Sintax Un\u2019organizzazione in continuo movimento che cambia ed evolve, si arricchisce di competenze e contribuisce a crearne di nuove. Tutto questo \u00e8 Sintax.L\u2019anima della nostra azienda \u00e8 costituita da persone con la passione per l\u2019innovazione, che si distinguono per entusiasmo,\u00a0impegno e spirito d\u2019iniziativa. Entrare a far parte di questo mondo significa entrare in una grande squadra che, con competenza, impegno e determinazione intende raggiungere i traguardi dell\u2019Azienda e dei nostri Clienti. Entra in contatto con noi: cerchiamo profili senior e junior desiderosi di costruire la loro professionalit\u00e0, di imparare, di crescere e di migliorarsi per raggiungere gli obiettivi individuali e di gruppo. Persone che desiderano esprimere il loro valore come contributo alla crescita ed alla soddisfazione di tutti. Proponi la tua candidatura !Puoi ricercare tra le &nbsp;posizioni aperte oppure &nbsp;inviare la tua candidatura spontanea. La compilazione del form di candidatura richiede pochi minuti. Al termine riceverai una e-mail di conferma della registrazione. &nbsp;&nbsp;&nbsp;&nbsp;&nbsp;Visualizza le posizioni aperte&nbsp;&nbsp;&nbsp;&nbsp;&nbsp; Invia la tua candidatura spontanea X Icons made by Freepik from www.flaticon.com is licensed by CC 3.0 BY<\/p>\n","protected":false},"author":18,"featured_media":0,"parent":37,"menu_order":1,"comment_status":"closed","ping_status":"closed","template":"","meta":{"footnotes":""},"_links":{"self":[{"href":"https:\/\/www.sintaxinformatica.it\/index.php\/wp-json\/wp\/v2\/pages\/123"}],"collection":[{"href":"https:\/\/www.sintaxinformatica.it\/index.php\/wp-json\/wp\/v2\/pages"}],"about":[{"href":"https:\/\/www.sintaxinformatica.it\/index.php\/wp-json\/wp\/v2\/types\/page"}],"author":[{"embeddable":true,"href":"https:\/\/www.sintaxinformatica.it\/index.php\/wp-json\/wp\/v2\/users\/18"}],"replies":[{"embeddable":true,"href":"https:\/\/www.sintaxinformatica.it\/index.php\/wp-json\/wp\/v2\/comments?post=123"}],"version-history":[{"count":77,"href":"https:\/\/www.sintaxinformatica.it\/index.php\/wp-json\/wp\/v2\/pages\/123\/revisions"}],"predecessor-version":[{"id":5860,"href":"https:\/\/www.sintaxinformatica.it\/index.php\/wp-json\/wp\/v2\/pages\/123\/revisions\/5860"}],"up":[{"embeddable":true,"href":"https:\/\/www.sintaxinformatica.it\/index.php\/wp-json\/wp\/v2\/pages\/37"}],"wp:attachment":[{"href":"https:\/\/www.sintaxinformatica.it\/index.php\/wp-json\/wp\/v2\/media?parent=123"}],"curies":[{"name":"wp","href":"https:\/\/api.w.org\/{rel}","templated":true}]}}