
{"id":110,"date":"2016-08-16T18:43:15","date_gmt":"2016-08-16T16:43:15","guid":{"rendered":"http:\/\/128.1.1.105\/wordpress\/?page_id=110"},"modified":"2016-09-23T17:25:54","modified_gmt":"2016-09-23T15:25:54","slug":"portale-del-contribuente","status":"publish","type":"page","link":"https:\/\/www.sintaxinformatica.it\/index.php\/prodotti\/gestelweb\/portale-del-contribuente\/","title":{"rendered":"Portale del Contribuente"},"content":{"rendered":"<div class=\"text_box\">\n<h3>Portale del Contribuente<\/h3>\n<\/div>\n<div class=\"container_8\">\n<h5> Attraverso il Portale cittadini ed imprese possono visualizzare e gestire in autonomia la propria posizione tributaria nei confronti dell\u2019Ente.<br \/><em><strong>Il Portale \u00e8 la soluzione ideale e trasparente per migliorare il rapporto tra cittadini ed Ente<\/em><\/strong> poich\u00e9 risulta di immediata comprensione, di facile accessibilit\u00e0 e navigabilit\u00e0, garantendo cos\u00ec la massima fruibilit\u00e0 delle informazioni da parte del cittadino e lo snellimento delle pratiche da parte dell&#8217;Ente.<br \/><em><strong>La soluzione garantisce:<\/em><\/strong><\/h5>\n<div class=\"container_box\"><img loading=\"lazy\" decoding=\"async\" class=\"img_reference\" src=\"\/wp-content\/uploads\/2016\/09\/padlock-open.png\" alt=\"Secure\" width=\"40\" height=\"40\" size-thumbnail \/><\/div>\n<div class=\"container_10\">\n<h5>Elevati livelli di <em><strong>sicurezza e riservatezza <\/em><\/strong>sia in fase di autenticazione degli utenti (tramite <em><strong>SPID<\/em><\/strong> &#8211; Sistema Pubblico di Identit\u00e0 Digitale o con user id e password) che di gestione dei dati e delle informazioni personali.<\/h5>\n<\/div>\n<div class=\"container_box\"><img loading=\"lazy\" decoding=\"async\" class=\"img_reference\" src=\"\/wp-content\/uploads\/2016\/09\/chat.png\" alt=\"Chat\" width=\"40\" height=\"40\" size-thumbnail \/><\/div>\n<div class=\"container_10\">\n<h5><em><strong>L&#8217;interazione online con l&#8217;Ente <\/em><\/strong>per richiedere sgravi, riduzioni, rimborsi e variazioni dei propri contratti. <\/h5>\n<\/div>\n<div class=\"container_box\"><img loading=\"lazy\" decoding=\"async\" class=\"img_reference\" src=\"\/wp-content\/uploads\/2016\/09\/euro.png\" alt=\"Pay\" width=\"40\" height=\"40\" size-thumbnail \/><\/div>\n<div class=\"container_10\">\n<h5><em><strong>La possibilit\u00e0 di effettuare i pagamenti<\/em><\/strong> a favore degli Enti direttamente online, tramite il <em><strong>sistema pagoPA<\/em><\/strong>. I pagamenti sono contabilizzati in tempo reale e sono immediatamente assolti.<\/h5>\n<\/div>\n<div class=\"container_box\"><img loading=\"lazy\" decoding=\"async\" class=\"img_reference\" src=\"\/wp-content\/uploads\/2016\/09\/zoom-in.png\" alt=\"dettaglio\" width=\"40\" height=\"40\" style=\"padding-left:5px\" size-thumbnail \/><\/div>\n<div class=\"container_10\">\n<h5>La visualizzazione e la ristampa dei <em><strong>documenti di pagamento di competenza<\/em><\/strong>, con la possibilit\u00e0 di <em><strong>verificare il calcolo del dovuto<\/em><\/strong>, la <em><strong>scadenza delle rate<\/em><\/strong> e <em><strong> ricevere informazioni e notifiche anche via email o sms<\/em><\/strong>. <\/h5>\n<\/div>\n<\/div>\n<div class=\"container_box_2\"><img loading=\"lazy\" decoding=\"async\" class=\"img_tb\" src=\"\/wp-content\/uploads\/2016\/09\/portaleContr.png\" alt=\"Portale del Contribuente\" width=\"350\" height=\"362\" size-thumbnail \/><\/div>\n<div class=\"license\">Icons made by <a title=\"Freepik\" href=\"http:\/\/www.freepik.com\">Freepik<\/a> from <a title=\"Flaticon\" href=\"http:\/\/www.flaticon.com\">www.flaticon.com<\/a> is licensed by <a title=\"Creative Commons BY 3.0\" href=\"http:\/\/creativecommons.org\/licenses\/by\/3.0\/\" target=\"_blank\">CC 3.0 BY<\/a><\/div>\n<div class=\"license\">Icons made by <a href=\"http:\/\/www.flaticon.com\/authors\/plainicon\" title=\"Plainicon\">Plainicon<\/a> from <a href=\"http:\/\/www.flaticon.com\" title=\"Flaticon\">www.flaticon.com<\/a> is licensed by <a href=\"http:\/\/creativecommons.org\/licenses\/by\/3.0\/\" title=\"Creative Commons BY 3.0\" target=\"_blank\">CC 3.0 BY<\/a><\/div>\n<\/div>\n","protected":false},"excerpt":{"rendered":"<p>Portale del Contribuente Attraverso il Portale cittadini ed imprese possono visualizzare e gestire in autonomia la propria posizione tributaria nei confronti dell\u2019Ente.Il Portale \u00e8 la soluzione ideale e trasparente per migliorare il rapporto tra cittadini ed Ente poich\u00e9 risulta di immediata comprensione, di facile accessibilit\u00e0 e navigabilit\u00e0, garantendo cos\u00ec la massima fruibilit\u00e0 delle informazioni da parte del cittadino e lo snellimento delle pratiche da parte dell&#8217;Ente.La soluzione garantisce: Elevati livelli di sicurezza e riservatezza sia in fase di autenticazione degli utenti (tramite SPID &#8211; Sistema Pubblico di Identit\u00e0 Digitale o con user id e password) che di gestione dei dati e delle informazioni personali. L&#8217;interazione online con l&#8217;Ente per richiedere sgravi, riduzioni, rimborsi e variazioni dei propri contratti. La possibilit\u00e0 di effettuare i pagamenti a favore degli Enti direttamente online, tramite il sistema pagoPA. I pagamenti sono contabilizzati in tempo reale e sono immediatamente assolti. La visualizzazione e la ristampa dei documenti di pagamento di competenza, con la possibilit\u00e0 di verificare il calcolo del dovuto, la scadenza delle rate e ricevere informazioni e notifiche anche via email o sms. Icons made by Freepik from www.flaticon.com is licensed by CC 3.0 BY Icons made by Plainicon from www.flaticon.com is licensed by CC 3.0 BY<\/p>\n","protected":false},"author":18,"featured_media":0,"parent":104,"menu_order":2,"comment_status":"closed","ping_status":"closed","template":"","meta":{"footnotes":""},"_links":{"self":[{"href":"https:\/\/www.sintaxinformatica.it\/index.php\/wp-json\/wp\/v2\/pages\/110"}],"collection":[{"href":"https:\/\/www.sintaxinformatica.it\/index.php\/wp-json\/wp\/v2\/pages"}],"about":[{"href":"https:\/\/www.sintaxinformatica.it\/index.php\/wp-json\/wp\/v2\/types\/page"}],"author":[{"embeddable":true,"href":"https:\/\/www.sintaxinformatica.it\/index.php\/wp-json\/wp\/v2\/users\/18"}],"replies":[{"embeddable":true,"href":"https:\/\/www.sintaxinformatica.it\/index.php\/wp-json\/wp\/v2\/comments?post=110"}],"version-history":[{"count":49,"href":"https:\/\/www.sintaxinformatica.it\/index.php\/wp-json\/wp\/v2\/pages\/110\/revisions"}],"predecessor-version":[{"id":3205,"href":"https:\/\/www.sintaxinformatica.it\/index.php\/wp-json\/wp\/v2\/pages\/110\/revisions\/3205"}],"up":[{"embeddable":true,"href":"https:\/\/www.sintaxinformatica.it\/index.php\/wp-json\/wp\/v2\/pages\/104"}],"wp:attachment":[{"href":"https:\/\/www.sintaxinformatica.it\/index.php\/wp-json\/wp\/v2\/media?parent=110"}],"curies":[{"name":"wp","href":"https:\/\/api.w.org\/{rel}","templated":true}]}}