
{"id":106,"date":"2016-08-16T18:42:26","date_gmt":"2016-08-16T16:42:26","guid":{"rendered":"http:\/\/128.1.1.105\/wordpress\/?page_id=106"},"modified":"2016-10-03T16:34:25","modified_gmt":"2016-10-03T14:34:25","slug":"portale-delle-entrate","status":"publish","type":"page","link":"https:\/\/www.sintaxinformatica.it\/index.php\/prodotti\/gestelweb\/portale-delle-entrate\/","title":{"rendered":"Portale delle Entrate"},"content":{"rendered":"<div class=\"text_box\">\n<h3>Le Entrate gestite<\/h3>\n<\/div>\n<div class=\"container_12\" style=\"text-align:center;background-color:rgba(235,234,240,0.4);padding-bottom:20px !important;\">\n<div Style=\"position: relative !important; display: inline-block !important;max-width:200px !important;\">\n<div class=\"reference_box_4\"><img loading=\"lazy\" decoding=\"async\" class=\"img_reference\" src=\"\/wp-content\/uploads\/2016\/09\/house.png\" alt=\"ICI\/IMU\" width=\"50\" height=\"50\" size-thumbnail \/><\/div>\n<div class=\"reference_box_4\">\n<h5 style=\"text-align:center !important;vertical-align:top !important; border:2px solid rgb(1, 104, 179);border-radius:10px !important;font-size:80% !important;\"><em><strong>ICI IMU TASI<\/em><\/strong><\/h5>\n<\/div>\n<\/div>\n<div Style=\"position: relative !important; display: inline-block !important;max-width:200px !important;\">\n<div class=\"reference_box_4\"><img loading=\"lazy\" decoding=\"async\" class=\"img_reference\" src=\"\/wp-content\/uploads\/2016\/09\/recycling-day-calendar-reminder-page.png\" alt=\"TARI\" width=\"50\" height=\"50\" size-thumbnail \/><\/div>\n<div class=\"reference_box_4\">\n<h5 style=\"text-align:center !important;vertical-align:top !important;border:2px solid rgb(214, 45, 32);border-radius:10px !important;font-size:80% !important;\"><em><strong>Rifiuti solidi Urbani<\/em><\/strong><\/h5>\n<\/div>\n<\/div>\n<div Style=\"position: relative !important; display: inline-block !important;max-width:200px !important;\">\n<div class=\"reference_box_4\"><img loading=\"lazy\" decoding=\"async\" class=\"img_reference\" src=\"\/wp-content\/uploads\/2016\/09\/plumber-tap.png\" alt=\"SII\" width=\"50\" height=\"50\" size-thumbnail \/><\/div>\n<div class=\"reference_box_4\">\n<h5 style=\"text-align:center !important;vertical-align:top !important; border:2px solid rgb(0, 135, 68);border-radius:10px !important;font-size:80% !important;\"><em><strong>Servizio Idrico Integrato<\/em><\/strong><\/h5>\n<\/div>\n<\/div>\n<div Style=\"position: relative !important; display: inline-block !important;max-width:200px !important;\">\n<div class=\"reference_box_4\"><img loading=\"lazy\" decoding=\"async\" class=\"img_reference\" src=\"\/wp-content\/uploads\/2016\/09\/icon.png\" alt=\"TeleRiscaldamento\" width=\"50\" height=\"50\" size-thumbnail \/><\/div>\n<div class=\"reference_box_4\">\n<h5 style=\"text-align:center !important;vertical-align:top !important; border:2px solid rgb(255, 167, 0);border-radius:10px !important;font-size:80% !important;\"><em><strong>Teleriscaldamento<\/em><\/strong><\/h5>\n<\/div>\n<\/div>\n<div Style=\"position: relative !important; display: inline-block !important;max-width:200px !important;\">\n<div class=\"reference_box_4\"><img loading=\"lazy\" decoding=\"async\" class=\"img_reference\" src=\"\/wp-content\/uploads\/2016\/09\/billboard_1.png\" alt=\"ICP\/CIMP\" width=\"50\" height=\"50\" size-thumbnail \/><\/div>\n<div class=\"reference_box_4\">\n<h5 style=\"text-align:center !important;vertical-align:top !important;border:2px solid rgb(214, 45, 32);border-radius:10px !important;font-size:80% !important;\"><em><strong>ICP CIMP<\/em><\/strong><\/h5>\n<\/div>\n<\/div>\n<div Style=\"position: relative !important; display: inline-block !important;max-width:200px !important;\">\n<div class=\"reference_box_4\"><img loading=\"lazy\" decoding=\"async\" class=\"img_reference\" src=\"\/wp-content\/uploads\/2016\/09\/armchair.png\" alt=\"Servizi di assistenza domiciliare\" width=\"50\" height=\"50\" size-thumbnail \/><\/div>\n<div class=\"reference_box_4\">\n<h5 style=\"text-align:center !important;vertical-align:top !important; border:2px solid rgb(0, 135, 68);border-radius:10px !important;font-size:80% !important;\"><em><strong>Servizi di assistenza domiciliare<\/em><\/strong><\/h5>\n<\/div>\n<\/div>\n<div Style=\"position: relative !important; display: inline-block !important;max-width:200px !important;\">\n<div class=\"reference_box_4\"><img loading=\"lazy\" decoding=\"async\" class=\"img_reference\" src=\"\/wp-content\/uploads\/2016\/09\/school-bus.png\" alt=\"Servizi Scolastici\" width=\"50\" height=\"50\" size-thumbnail \/><\/div>\n<div class=\"reference_box_4\">\n<h5 style=\"text-align:center !important;vertical-align:top !important; border:2px solid rgb(255, 167, 0);border-radius:10px !important;font-size:80% !important;\"><em><strong>Servizi scolastici<\/em><\/strong><\/h5>\n<\/div>\n<\/div>\n<div Style=\"position: relative !important; display: inline-block !important;max-width:200px !important;\">\n<div class=\"reference_box_4\"><img loading=\"lazy\" decoding=\"async\" class=\"img_reference\" src=\"\/wp-content\/uploads\/2016\/09\/parking-sign.png\" alt=\"Servizi Pubblici a domanda individuale\" width=\"50\" height=\"50\" size-thumbnail \/><\/div>\n<div class=\"reference_box_4\">\n<h5 style=\"text-align:center !important;vertical-align:top !important; border:2px solid rgb(1, 104, 179);border-radius:10px !important;font-size:80% !important;\"><em><strong>Servizi a domanda individuale<\/em><\/strong><\/h5>\n<\/div>\n<\/div>\n<div Style=\"position: relative !important; display: inline-block !important;max-width:200px !important;\">\n<div class=\"reference_box_4\"><img loading=\"lazy\" decoding=\"async\" class=\"img_reference\" src=\"\/wp-content\/uploads\/2016\/09\/about-us_Red.png\" alt=\"Albi professionali\" width=\"50\" height=\"50\" size-thumbnail \/><\/div>\n<div class=\"reference_box_4\">\n<h5 style=\"text-align:center !important;vertical-align:top !important;border:2px solid rgb(214, 45, 32);border-radius:10px !important;font-size:80% !important;\"><em><strong>Albi professionali<\/em><\/strong><\/h5>\n<\/div>\n<\/div>\n<div Style=\"position: relative !important; display: inline-block !important;max-width:200px !important;\">\n<div class=\"reference_box_4\"><img loading=\"lazy\" decoding=\"async\" class=\"img_reference\" src=\"\/wp-content\/uploads\/2016\/09\/lightbulb.png\" alt=\"Lampade votive\" width=\"50\" height=\"50\" size-thumbnail \/><\/div>\n<div class=\"reference_box_4\">\n<h5 style=\"text-align:center !important;vertical-align:top !important; border:2px solid rgb(255, 167, 0);border-radius:10px !important;font-size:80% !important;\"><em><strong>Lampade votive<\/em><\/strong><\/h5>\n<\/div>\n<\/div>\n<\/div>\n<div class=\"container_12\" style=\"margin-top:30px !important;\">\n<h5><em><strong>Il Portale delle Entrate supporta gli operatori degli Enti nella gestione di tutti gli adempimenti quotidiani della Fiscalit\u00e0 Locale<\/em><\/strong>: dalle attivit\u00e0 di front-office fino al calcolo del dovuto (sia in modalit\u00e0 massiva che puntuale). Per ogni specifica Entrata \u00e8 possibile gestire il regolamento comunale, i piani tariffari, le dichiarazioni e l&#8217;emissione delle liste di carico ordinarie, suppletive, di accertamento, di discarico e coattive.<\/h5>\n<\/div>\n<div class=\"text_box\" style=\"margin-top:20px !important;\">\n<h3>I vantaggi della soluzione<\/h3>\n<\/div>\n<div class=\"container_box\"><img loading=\"lazy\" decoding=\"async\" class=\"img_reference_sog\" src=\"\/wp-content\/uploads\/2016\/09\/id-card.png\" alt=\"Unica rubrica anagrafica dei soggetti\" width=\"40\" height=\"40\" size-thumbnail \/><\/div>\n<div class=\"container_11\" style=\"padding-left:20px\">\n<h5><em><strong>Unica rubrica anagrafica dei contribuenti<\/em><\/strong> (persone fisiche e giuridiche)<br \/>La rubrica anagrafica \u00e8 condivisa da tutti i moduli di gestione delle Entrate e sincronizzata con il demografico dell\u2019Ente e con l&#8217;anagrafe tributaria dell\u2019Agenzia delle Entrate.<\/h5>\n<\/div>\n<p><\/p>\n<div class=\"container_box\"><img loading=\"lazy\" decoding=\"async\" class=\"img_reference\" src=\"\/wp-content\/uploads\/2016\/09\/home_red.png\" alt=\"Unica rubrica anagrafica oggetti\" width=\"40\" height=\"40\" size-thumbnail \/><\/div>\n<div class=\"container_11\" style=\"padding-left:20px\">\n<h5><em><strong>Unica anagrafe immobiliare<\/em><\/strong><br \/>L&#8217;anagrafe degli oggetti d&#8217;imposizione, condivisa da tutti i moduli di gestione delle Entrate, \u00e8 sincronizzata con le forniture dell\u2019Agenzia delle Entrate ed \u00e8 disponibile anche in formato cartografico (Web\/GIS).<\/h5>\n<\/div>\n<p><\/p>\n<div class=\"container_box\"><img loading=\"lazy\" decoding=\"async\" class=\"img_reference\" src=\"\/wp-content\/uploads\/2016\/09\/relation-diagram.png\" alt=\"relazione soggetti\/oggetti\" width=\"40\" height=\"40\" size-thumbnail \/><\/div>\n<div class=\"container_11\" style=\"padding-left:20px\">\n<h5><em><strong>Relazioni soggetti\/oggetti<\/em><\/strong><br \/>Le relazioni legano la scheda anagrafica del soggetto (persona fisica o giuridica) con i corrispondenti oggetti (unit\u00e0 immobiliare, utenza idrica, impianto pubblicitario, ecc.) cui \u00e8 tenuto al pagamento. <em><strong> Tramite tale legame \u00e8 possibile risalire agli oggetti di competenza del soggetto e, viceversa, da ogni oggetto al corrispondente soggetto<\/em><\/strong>.<\/h5>\n<\/div>\n<p><\/p>\n<div class=\"container_box\"><img loading=\"lazy\" decoding=\"async\" class=\"img_reference_sog\" src=\"\/wp-content\/uploads\/2016\/09\/letter_yellow.png\" alt=\"Liste di Carico\" width=\"40\" height=\"40\" size-thumbnail \/><\/div>\n<div class=\"container_11\" style=\"padding-left:20px\">\n<h5><em><strong>Generazione di varie tipologie di liste di carico<\/em><\/strong><br \/>Il motore di calcolo automatico del dovuto consente di produrre le liste di carico per tutti gli oggetti presenti in Banca Dati e per ciascuna tipologia di Entrata.<\/h5>\n<\/div>\n<p>\n<\/div>\n<div class=\"license\">Icons made by <a title=\"Freepik\" href=\"http:\/\/www.freepik.com\">Freepik<\/a> from <a title=\"Flaticon\" href=\"http:\/\/www.flaticon.com\">www.flaticon.com<\/a> is licensed by <a title=\"Creative Commons BY 3.0\" href=\"http:\/\/creativecommons.org\/licenses\/by\/3.0\/\" target=\"_blank\">CC 3.0 BY<\/a><\/div>\n<div class=\"license\">Icons made by <a href=\"http:\/\/www.flaticon.com\/authors\/plainicon\" title=\"Plainicon\">Plainicon<\/a> from <a href=\"http:\/\/www.flaticon.com\" title=\"Flaticon\">www.flaticon.com<\/a> is licensed by <a href=\"http:\/\/creativecommons.org\/licenses\/by\/3.0\/\" title=\"Creative Commons BY 3.0\" target=\"_blank\">CC 3.0 BY<\/a><\/div>\n<\/div>\n","protected":false},"excerpt":{"rendered":"<p>Le Entrate gestite ICI IMU TASI Rifiuti solidi Urbani Servizio Idrico Integrato Teleriscaldamento ICP CIMP Servizi di assistenza domiciliare Servizi scolastici Servizi a domanda individuale Albi professionali Lampade votive Il Portale delle Entrate supporta gli operatori degli Enti nella gestione di tutti gli adempimenti quotidiani della Fiscalit\u00e0 Locale: dalle attivit\u00e0 di front-office fino al calcolo del dovuto (sia in modalit\u00e0 massiva che puntuale). Per ogni specifica Entrata \u00e8 possibile gestire il regolamento comunale, i piani tariffari, le dichiarazioni e l&#8217;emissione delle liste di carico ordinarie, suppletive, di accertamento, di discarico e coattive. I vantaggi della soluzione Unica rubrica anagrafica dei contribuenti (persone fisiche e giuridiche)La rubrica anagrafica \u00e8 condivisa da tutti i moduli di gestione delle Entrate e sincronizzata con il demografico dell\u2019Ente e con l&#8217;anagrafe tributaria dell\u2019Agenzia delle Entrate. Unica anagrafe immobiliareL&#8217;anagrafe degli oggetti d&#8217;imposizione, condivisa da tutti i moduli di gestione delle Entrate, \u00e8 sincronizzata con le forniture dell\u2019Agenzia delle Entrate ed \u00e8 disponibile anche in formato cartografico (Web\/GIS). Relazioni soggetti\/oggettiLe relazioni legano la scheda anagrafica del soggetto (persona fisica o giuridica) con i corrispondenti oggetti (unit\u00e0 immobiliare, utenza idrica, impianto pubblicitario, ecc.) cui \u00e8 tenuto al pagamento. Tramite tale legame \u00e8 possibile risalire agli oggetti di competenza del soggetto e, viceversa, da ogni oggetto al corrispondente soggetto. Generazione di varie tipologie di liste di caricoIl motore di calcolo automatico del dovuto consente di produrre le liste di carico per tutti gli oggetti presenti in Banca Dati e per ciascuna tipologia di Entrata. Icons made by Freepik from www.flaticon.com is licensed by CC 3.0 BY Icons made by Plainicon from www.flaticon.com is licensed by CC 3.0 BY<\/p>\n","protected":false},"author":18,"featured_media":0,"parent":104,"menu_order":0,"comment_status":"closed","ping_status":"closed","template":"","meta":{"footnotes":""},"_links":{"self":[{"href":"https:\/\/www.sintaxinformatica.it\/index.php\/wp-json\/wp\/v2\/pages\/106"}],"collection":[{"href":"https:\/\/www.sintaxinformatica.it\/index.php\/wp-json\/wp\/v2\/pages"}],"about":[{"href":"https:\/\/www.sintaxinformatica.it\/index.php\/wp-json\/wp\/v2\/types\/page"}],"author":[{"embeddable":true,"href":"https:\/\/www.sintaxinformatica.it\/index.php\/wp-json\/wp\/v2\/users\/18"}],"replies":[{"embeddable":true,"href":"https:\/\/www.sintaxinformatica.it\/index.php\/wp-json\/wp\/v2\/comments?post=106"}],"version-history":[{"count":167,"href":"https:\/\/www.sintaxinformatica.it\/index.php\/wp-json\/wp\/v2\/pages\/106\/revisions"}],"predecessor-version":[{"id":5834,"href":"https:\/\/www.sintaxinformatica.it\/index.php\/wp-json\/wp\/v2\/pages\/106\/revisions\/5834"}],"up":[{"embeddable":true,"href":"https:\/\/www.sintaxinformatica.it\/index.php\/wp-json\/wp\/v2\/pages\/104"}],"wp:attachment":[{"href":"https:\/\/www.sintaxinformatica.it\/index.php\/wp-json\/wp\/v2\/media?parent=106"}],"curies":[{"name":"wp","href":"https:\/\/api.w.org\/{rel}","templated":true}]}}